{"id":265,"date":"2020-08-03T11:00:51","date_gmt":"2020-08-03T11:00:51","guid":{"rendered":"https:\/\/www.nanohealthcare.lu\/de\/?page_id=265"},"modified":"2021-07-26T15:19:16","modified_gmt":"2021-07-26T15:19:16","slug":"clients","status":"publish","type":"page","link":"https:\/\/www.nanohealthcare.lu\/de\/blog\/clients\/","title":{"rendered":"Clients"},"content":{"rendered":"\t\t<div data-elementor-type=\"wp-page\" data-elementor-id=\"265\" class=\"elementor elementor-265\" data-elementor-post-type=\"page\">\n\t\t\t\t\t\t<section class=\"elementor-section elementor-top-section elementor-element elementor-element-7b07e9d elementor-section-boxed elementor-section-height-default elementor-section-height-default\" data-id=\"7b07e9d\" data-element_type=\"section\" data-e-type=\"section\" data-settings=\"{&quot;background_background&quot;:&quot;classic&quot;}\">\n\t\t\t\t\t\t<div class=\"elementor-container elementor-column-gap-default\">\n\t\t\t\t\t<div class=\"elementor-column elementor-col-100 elementor-top-column elementor-element elementor-element-6588f82\" data-id=\"6588f82\" data-element_type=\"column\" data-e-type=\"column\">\n\t\t\t<div class=\"elementor-widget-wrap elementor-element-populated\">\n\t\t\t\t\t\t<section class=\"elementor-section elementor-inner-section elementor-element elementor-element-74f11d2 elementor-section-boxed elementor-section-height-default elementor-section-height-default\" data-id=\"74f11d2\" data-element_type=\"section\" data-e-type=\"section\">\n\t\t\t\t\t\t<div class=\"elementor-container elementor-column-gap-default\">\n\t\t\t\t\t<div class=\"elementor-column elementor-col-33 elementor-inner-column elementor-element elementor-element-fcf6f29\" data-id=\"fcf6f29\" data-element_type=\"column\" data-e-type=\"column\">\n\t\t\t<div class=\"elementor-widget-wrap elementor-element-populated\">\n\t\t\t\t\t\t<div class=\"elementor-element elementor-element-04fa711 elementor-widget-divider--view-line elementor-widget elementor-widget-divider\" data-id=\"04fa711\" data-element_type=\"widget\" data-e-type=\"widget\" data-widget_type=\"divider.default\">\n\t\t\t\t<div class=\"elementor-widget-container\">\n\t\t\t\t\t\t\t<div class=\"elementor-divider\">\n\t\t\t<span class=\"elementor-divider-separator\">\n\t\t\t\t\t\t<\/span>\n\t\t<\/div>\n\t\t\t\t\t\t<\/div>\n\t\t\t\t<\/div>\n\t\t\t\t\t<\/div>\n\t\t<\/div>\n\t\t\t\t<div class=\"elementor-column elementor-col-33 elementor-inner-column elementor-element elementor-element-6ab7c72\" data-id=\"6ab7c72\" data-element_type=\"column\" data-e-type=\"column\">\n\t\t\t<div class=\"elementor-widget-wrap elementor-element-populated\">\n\t\t\t\t\t\t<div class=\"elementor-element elementor-element-9c899be elementor-widget elementor-widget-heading\" data-id=\"9c899be\" data-element_type=\"widget\" data-e-type=\"widget\" data-widget_type=\"heading.default\">\n\t\t\t\t<div class=\"elementor-widget-container\">\n\t\t\t\t\t<h2 class=\"elementor-heading-title elementor-size-default\">unsere KUNDEN<\/h2>\t\t\t\t<\/div>\n\t\t\t\t<\/div>\n\t\t\t\t<div class=\"elementor-element elementor-element-8dd548f elementor-widget elementor-widget-text-editor\" data-id=\"8dd548f\" data-element_type=\"widget\" data-e-type=\"widget\" data-widget_type=\"text-editor.default\">\n\t\t\t\t<div class=\"elementor-widget-container\">\n\t\t\t\t\t\t\t\t\t<p>Einige Interviews mit unseren Kunden.<\/p>\t\t\t\t\t\t\t\t<\/div>\n\t\t\t\t<\/div>\n\t\t\t\t\t<\/div>\n\t\t<\/div>\n\t\t\t\t<div class=\"elementor-column elementor-col-33 elementor-inner-column elementor-element elementor-element-4c74a0b\" data-id=\"4c74a0b\" data-element_type=\"column\" data-e-type=\"column\">\n\t\t\t<div class=\"elementor-widget-wrap elementor-element-populated\">\n\t\t\t\t\t\t<div class=\"elementor-element elementor-element-53c42b2 elementor-widget-divider--view-line elementor-widget elementor-widget-divider\" data-id=\"53c42b2\" data-element_type=\"widget\" data-e-type=\"widget\" data-widget_type=\"divider.default\">\n\t\t\t\t<div class=\"elementor-widget-container\">\n\t\t\t\t\t\t\t<div class=\"elementor-divider\">\n\t\t\t<span class=\"elementor-divider-separator\">\n\t\t\t\t\t\t<\/span>\n\t\t<\/div>\n\t\t\t\t\t\t<\/div>\n\t\t\t\t<\/div>\n\t\t\t\t\t<\/div>\n\t\t<\/div>\n\t\t\t\t\t<\/div>\n\t\t<\/section>\n\t\t\t\t<section class=\"elementor-section elementor-inner-section elementor-element elementor-element-06967fa elementor-section-boxed elementor-section-height-default elementor-section-height-default\" data-id=\"06967fa\" data-element_type=\"section\" data-e-type=\"section\">\n\t\t\t\t\t\t<div class=\"elementor-container elementor-column-gap-default\">\n\t\t\t\t\t<div class=\"elementor-column elementor-col-100 elementor-inner-column elementor-element elementor-element-e137540\" data-id=\"e137540\" data-element_type=\"column\" data-e-type=\"column\">\n\t\t\t<div class=\"elementor-widget-wrap elementor-element-populated\">\n\t\t\t\t\t\t<div class=\"elementor-element elementor-element-6e4ef31 elementor-grid-3 elementor-grid-tablet-2 elementor-grid-mobile-1 elementor-posts--thumbnail-top elementor-card-shadow-yes elementor-posts__hover-gradient elementor-widget elementor-widget-posts\" data-id=\"6e4ef31\" data-element_type=\"widget\" data-e-type=\"widget\" data-settings=\"{&quot;cards_columns&quot;:&quot;3&quot;,&quot;cards_columns_tablet&quot;:&quot;2&quot;,&quot;cards_columns_mobile&quot;:&quot;1&quot;,&quot;cards_row_gap&quot;:{&quot;unit&quot;:&quot;px&quot;,&quot;size&quot;:35,&quot;sizes&quot;:[]},&quot;cards_row_gap_tablet&quot;:{&quot;unit&quot;:&quot;px&quot;,&quot;size&quot;:&quot;&quot;,&quot;sizes&quot;:[]},&quot;cards_row_gap_mobile&quot;:{&quot;unit&quot;:&quot;px&quot;,&quot;size&quot;:&quot;&quot;,&quot;sizes&quot;:[]}}\" data-widget_type=\"posts.cards\">\n\t\t\t\t<div class=\"elementor-widget-container\">\n\t\t\t\t\t\t\t<div class=\"elementor-posts-container elementor-posts elementor-posts--skin-cards elementor-grid\">\n\t\t\t\t<article class=\"elementor-post elementor-grid-item post-1126 post type-post status-publish format-standard has-post-thumbnail hentry category-clients\">\n\t\t\t<div class=\"elementor-post__card\">\n\t\t\t\t<a class=\"elementor-post__thumbnail__link\" href=\"https:\/\/www.nanohealthcare.lu\/de\/essys-schoonheid-steensel\/\" tabindex=\"-1\" ><div class=\"elementor-post__thumbnail\"><img fetchpriority=\"high\" decoding=\"async\" width=\"768\" height=\"509\" src=\"https:\/\/www.nanohealthcare.lu\/de\/wp-content\/uploads\/2020\/10\/84336385_2539223443012546_7973167783531773952_o-768x509.jpg\" class=\"attachment-medium_large size-medium_large wp-image-1129\" alt=\"\" srcset=\"https:\/\/www.nanohealthcare.lu\/de\/wp-content\/uploads\/2020\/10\/84336385_2539223443012546_7973167783531773952_o-768x509.jpg 768w, https:\/\/www.nanohealthcare.lu\/de\/wp-content\/uploads\/2020\/10\/84336385_2539223443012546_7973167783531773952_o-300x199.jpg 300w, https:\/\/www.nanohealthcare.lu\/de\/wp-content\/uploads\/2020\/10\/84336385_2539223443012546_7973167783531773952_o-1024x679.jpg 1024w, https:\/\/www.nanohealthcare.lu\/de\/wp-content\/uploads\/2020\/10\/84336385_2539223443012546_7973167783531773952_o.jpg 1440w\" sizes=\"(max-width: 768px) 100vw, 768px\" \/><\/div><\/a>\n\t\t\t\t<div class=\"elementor-post__text\">\n\t\t\t\t<h3 class=\"elementor-post__title\">\n\t\t\t<a href=\"https:\/\/www.nanohealthcare.lu\/de\/essys-schoonheid-steensel\/\" >\n\t\t\t\tEssy&#8217;s Schoonheid &#8211; Steensel\t\t\t<\/a>\n\t\t<\/h3>\n\t\t\t\t<div class=\"elementor-post__excerpt\">\n\t\t\t<p>Essy\u2019s Beauty ist ein Sch\u00f6nheitssalon an einem wundersch\u00f6nen Ort in Steensel. Esther ist die stolze Besitzerin dieses neu renovierten Geb\u00e4udes. Esther steht f\u00fcr Gastfreundschaft, Klarheit,<\/p>\n\t\t<\/div>\n\t\t\n\t\t<a class=\"elementor-post__read-more\" href=\"https:\/\/www.nanohealthcare.lu\/de\/essys-schoonheid-steensel\/\" aria-label=\"Read more about Essy&#8217;s Schoonheid &#8211; Steensel\" tabindex=\"-1\" >\n\t\t\tRead More \u00bb\t\t<\/a>\n\n\t\t\t\t<\/div>\n\t\t\t\t<div class=\"elementor-post__meta-data\">\n\t\t\t\t\t<span class=\"elementor-post-date\">\n\t\t\tOctober 2, 2020\t\t<\/span>\n\t\t\t\t<\/div>\n\t\t\t\t\t<\/div>\n\t\t<\/article>\n\t\t\t\t<article class=\"elementor-post elementor-grid-item post-1119 post type-post status-publish format-standard has-post-thumbnail hentry category-clients\">\n\t\t\t<div class=\"elementor-post__card\">\n\t\t\t\t<a class=\"elementor-post__thumbnail__link\" href=\"https:\/\/www.nanohealthcare.lu\/de\/hans-zwart-podomed-medical-center-in-veghel\/\" tabindex=\"-1\" ><div class=\"elementor-post__thumbnail\"><img decoding=\"async\" width=\"768\" height=\"768\" src=\"https:\/\/www.nanohealthcare.lu\/de\/wp-content\/uploads\/2020\/10\/Hans-foto-3-768x768-1.jpg\" class=\"attachment-medium_large size-medium_large wp-image-1691\" alt=\"\" srcset=\"https:\/\/www.nanohealthcare.lu\/de\/wp-content\/uploads\/2020\/10\/Hans-foto-3-768x768-1.jpg 768w, https:\/\/www.nanohealthcare.lu\/de\/wp-content\/uploads\/2020\/10\/Hans-foto-3-768x768-1-300x300.jpg 300w, https:\/\/www.nanohealthcare.lu\/de\/wp-content\/uploads\/2020\/10\/Hans-foto-3-768x768-1-150x150.jpg 150w\" sizes=\"(max-width: 768px) 100vw, 768px\" \/><\/div><\/a>\n\t\t\t\t<div class=\"elementor-post__text\">\n\t\t\t\t<h3 class=\"elementor-post__title\">\n\t\t\t<a href=\"https:\/\/www.nanohealthcare.lu\/de\/hans-zwart-podomed-medical-center-in-veghel\/\" >\n\t\t\t\tHans Zwart &#8211; Podomed Medical Center in Veghel\t\t\t<\/a>\n\t\t<\/h3>\n\t\t\t\t<div class=\"elementor-post__excerpt\">\n\t\t\t<p>Nano comes from the Greek word \u201cnanos\u201d and means dwarf.&nbsp;Ein Nanometer ist ein kleiner Teil eines Meters, n\u00e4mlich ein Milliardstel eines Meters. Dank einer patentierten<\/p>\n\t\t<\/div>\n\t\t\n\t\t<a class=\"elementor-post__read-more\" href=\"https:\/\/www.nanohealthcare.lu\/de\/hans-zwart-podomed-medical-center-in-veghel\/\" aria-label=\"Read more about Hans Zwart &#8211; Podomed Medical Center in Veghel\" tabindex=\"-1\" >\n\t\t\tRead More \u00bb\t\t<\/a>\n\n\t\t\t\t<\/div>\n\t\t\t\t<div class=\"elementor-post__meta-data\">\n\t\t\t\t\t<span class=\"elementor-post-date\">\n\t\t\tOctober 2, 2020\t\t<\/span>\n\t\t\t\t<\/div>\n\t\t\t\t\t<\/div>\n\t\t<\/article>\n\t\t\t\t<article class=\"elementor-post elementor-grid-item post-1112 post type-post status-publish format-standard has-post-thumbnail hentry category-clients\">\n\t\t\t<div class=\"elementor-post__card\">\n\t\t\t\t<a class=\"elementor-post__thumbnail__link\" href=\"https:\/\/www.nanohealthcare.lu\/de\/astrid-beenacker-nanozentrum-bavel\/\" tabindex=\"-1\" ><div class=\"elementor-post__thumbnail\"><img decoding=\"async\" width=\"768\" height=\"768\" src=\"https:\/\/www.nanohealthcare.lu\/de\/wp-content\/uploads\/2020\/10\/Salon-Astrid-1-768x768.jpg\" class=\"attachment-medium_large size-medium_large wp-image-1697\" alt=\"\" srcset=\"https:\/\/www.nanohealthcare.lu\/de\/wp-content\/uploads\/2020\/10\/Salon-Astrid-1-768x768.jpg 768w, https:\/\/www.nanohealthcare.lu\/de\/wp-content\/uploads\/2020\/10\/Salon-Astrid-1-300x300.jpg 300w, https:\/\/www.nanohealthcare.lu\/de\/wp-content\/uploads\/2020\/10\/Salon-Astrid-1-150x150.jpg 150w, https:\/\/www.nanohealthcare.lu\/de\/wp-content\/uploads\/2020\/10\/Salon-Astrid-1.jpg 800w\" sizes=\"(max-width: 768px) 100vw, 768px\" \/><\/div><\/a>\n\t\t\t\t<div class=\"elementor-post__text\">\n\t\t\t\t<h3 class=\"elementor-post__title\">\n\t\t\t<a href=\"https:\/\/www.nanohealthcare.lu\/de\/astrid-beenacker-nanozentrum-bavel\/\" >\n\t\t\t\tAstrid Beenacker &#8211; Nanozentrum Bavel\t\t\t<\/a>\n\t\t<\/h3>\n\t\t\t\t<div class=\"elementor-post__excerpt\">\n\t\t\t<p>Astrid hat in Bavel ein Nanozentrum er\u00f6ffnet. Nachdem sie die Schulungen absolviert hat, um geben zu k\u00f6nnen, hat sie sich nun in ihrer eigenen neuen<\/p>\n\t\t<\/div>\n\t\t\n\t\t<a class=\"elementor-post__read-more\" href=\"https:\/\/www.nanohealthcare.lu\/de\/astrid-beenacker-nanozentrum-bavel\/\" aria-label=\"Read more about Astrid Beenacker &#8211; Nanozentrum Bavel\" tabindex=\"-1\" >\n\t\t\tRead More \u00bb\t\t<\/a>\n\n\t\t\t\t<\/div>\n\t\t\t\t<div class=\"elementor-post__meta-data\">\n\t\t\t\t\t<span class=\"elementor-post-date\">\n\t\t\tOctober 2, 2020\t\t<\/span>\n\t\t\t\t<\/div>\n\t\t\t\t\t<\/div>\n\t\t<\/article>\n\t\t\t\t<article class=\"elementor-post elementor-grid-item post-1109 post type-post status-publish format-standard has-post-thumbnail hentry category-clients\">\n\t\t\t<div class=\"elementor-post__card\">\n\t\t\t\t<a class=\"elementor-post__thumbnail__link\" href=\"https:\/\/www.nanohealthcare.lu\/de\/balans-en-voeding-venlo\/\" tabindex=\"-1\" ><div class=\"elementor-post__thumbnail\"><img loading=\"lazy\" decoding=\"async\" width=\"768\" height=\"768\" src=\"https:\/\/www.nanohealthcare.lu\/de\/wp-content\/uploads\/2020\/10\/4D41740-768x768.jpg\" class=\"attachment-medium_large size-medium_large wp-image-2081\" alt=\"\" srcset=\"https:\/\/www.nanohealthcare.lu\/de\/wp-content\/uploads\/2020\/10\/4D41740-768x768.jpg 768w, https:\/\/www.nanohealthcare.lu\/de\/wp-content\/uploads\/2020\/10\/4D41740-300x300.jpg 300w, https:\/\/www.nanohealthcare.lu\/de\/wp-content\/uploads\/2020\/10\/4D41740-1024x1024.jpg 1024w, https:\/\/www.nanohealthcare.lu\/de\/wp-content\/uploads\/2020\/10\/4D41740-150x150.jpg 150w, https:\/\/www.nanohealthcare.lu\/de\/wp-content\/uploads\/2020\/10\/4D41740-1536x1536.jpg 1536w, https:\/\/www.nanohealthcare.lu\/de\/wp-content\/uploads\/2020\/10\/4D41740-2048x2048.jpg 2048w\" sizes=\"(max-width: 768px) 100vw, 768px\" \/><\/div><\/a>\n\t\t\t\t<div class=\"elementor-post__text\">\n\t\t\t\t<h3 class=\"elementor-post__title\">\n\t\t\t<a href=\"https:\/\/www.nanohealthcare.lu\/de\/balans-en-voeding-venlo\/\" >\n\t\t\t\tBalans en Voeding Venlo\t\t\t<\/a>\n\t\t<\/h3>\n\t\t\t\t<div class=\"elementor-post__excerpt\">\n\t\t\t<p>Balans en Voeding Venlo Rob Visscher ist verheiratet und Vater von 2 Kindern, der fr\u00fcher viele Kraftsportarten betrieben hat. Leider zog er sich immer mehr<\/p>\n\t\t<\/div>\n\t\t\n\t\t<a class=\"elementor-post__read-more\" href=\"https:\/\/www.nanohealthcare.lu\/de\/balans-en-voeding-venlo\/\" aria-label=\"Read more about Balans en Voeding Venlo\" tabindex=\"-1\" >\n\t\t\tRead More \u00bb\t\t<\/a>\n\n\t\t\t\t<\/div>\n\t\t\t\t<div class=\"elementor-post__meta-data\">\n\t\t\t\t\t<span class=\"elementor-post-date\">\n\t\t\tOctober 2, 2020\t\t<\/span>\n\t\t\t\t<\/div>\n\t\t\t\t\t<\/div>\n\t\t<\/article>\n\t\t\t\t<article class=\"elementor-post elementor-grid-item post-1102 post type-post status-publish format-standard has-post-thumbnail hentry category-clients\">\n\t\t\t<div class=\"elementor-post__card\">\n\t\t\t\t<a class=\"elementor-post__thumbnail__link\" href=\"https:\/\/www.nanohealthcare.lu\/de\/linda-gruber-nano-physiotherapie-in-chapel\/\" tabindex=\"-1\" ><div class=\"elementor-post__thumbnail\"><img loading=\"lazy\" decoding=\"async\" width=\"768\" height=\"450\" src=\"https:\/\/www.nanohealthcare.lu\/de\/wp-content\/uploads\/2020\/10\/Interview-Linda-Gruber-van-Nano-Fysiotherapie-NanoTech-Therapy-Body-Plaza-Europe-Partner-YouTube-768x450.png\" class=\"attachment-medium_large size-medium_large wp-image-1106\" alt=\"\" srcset=\"https:\/\/www.nanohealthcare.lu\/de\/wp-content\/uploads\/2020\/10\/Interview-Linda-Gruber-van-Nano-Fysiotherapie-NanoTech-Therapy-Body-Plaza-Europe-Partner-YouTube-768x450.png 768w, https:\/\/www.nanohealthcare.lu\/de\/wp-content\/uploads\/2020\/10\/Interview-Linda-Gruber-van-Nano-Fysiotherapie-NanoTech-Therapy-Body-Plaza-Europe-Partner-YouTube-300x176.png 300w, https:\/\/www.nanohealthcare.lu\/de\/wp-content\/uploads\/2020\/10\/Interview-Linda-Gruber-van-Nano-Fysiotherapie-NanoTech-Therapy-Body-Plaza-Europe-Partner-YouTube-1024x600.png 1024w, https:\/\/www.nanohealthcare.lu\/de\/wp-content\/uploads\/2020\/10\/Interview-Linda-Gruber-van-Nano-Fysiotherapie-NanoTech-Therapy-Body-Plaza-Europe-Partner-YouTube.png 1135w\" sizes=\"(max-width: 768px) 100vw, 768px\" \/><\/div><\/a>\n\t\t\t\t<div class=\"elementor-post__text\">\n\t\t\t\t<h3 class=\"elementor-post__title\">\n\t\t\t<a href=\"https:\/\/www.nanohealthcare.lu\/de\/linda-gruber-nano-physiotherapie-in-chapel\/\" >\n\t\t\t\tLinda Gruber \u2013 Nano-Physiotherapie in Chapel\t\t\t<\/a>\n\t\t<\/h3>\n\t\t\t\t<div class=\"elementor-post__excerpt\">\n\t\t\t<p>Linda Gruber ist Physiotherapeutin mit 13 Jahren Erfahrung. Mit einigen Jahren bis zu ihrem Namen erf\u00fcllt sie die Position als TPI-Physiotherapeutin \/ Physiotherapeutin und MSU-Spezialistin<\/p>\n\t\t<\/div>\n\t\t\n\t\t<a class=\"elementor-post__read-more\" href=\"https:\/\/www.nanohealthcare.lu\/de\/linda-gruber-nano-physiotherapie-in-chapel\/\" aria-label=\"Read more about Linda Gruber \u2013 Nano-Physiotherapie in Chapel\" tabindex=\"-1\" >\n\t\t\tRead More \u00bb\t\t<\/a>\n\n\t\t\t\t<\/div>\n\t\t\t\t<div class=\"elementor-post__meta-data\">\n\t\t\t\t\t<span class=\"elementor-post-date\">\n\t\t\tOctober 2, 2020\t\t<\/span>\n\t\t\t\t<\/div>\n\t\t\t\t\t<\/div>\n\t\t<\/article>\n\t\t\t\t<article class=\"elementor-post elementor-grid-item post-1 post type-post status-publish format-standard has-post-thumbnail hentry category-clients\">\n\t\t\t<div class=\"elementor-post__card\">\n\t\t\t\t<a class=\"elementor-post__thumbnail__link\" href=\"https:\/\/www.nanohealthcare.lu\/de\/interview-mit-esther-maas-firma-essys\/\" tabindex=\"-1\" ><div class=\"elementor-post__thumbnail\"><img loading=\"lazy\" decoding=\"async\" width=\"768\" height=\"563\" src=\"https:\/\/www.nanohealthcare.lu\/de\/wp-content\/uploads\/2020\/07\/Interview-Esther-van-Essys-Schoonheid-NanoTech-Therapy-Body-Plaza-Europe-Partner-YouTube-768x563.png\" class=\"attachment-medium_large size-medium_large wp-image-849\" alt=\"\" srcset=\"https:\/\/www.nanohealthcare.lu\/de\/wp-content\/uploads\/2020\/07\/Interview-Esther-van-Essys-Schoonheid-NanoTech-Therapy-Body-Plaza-Europe-Partner-YouTube-768x563.png 768w, https:\/\/www.nanohealthcare.lu\/de\/wp-content\/uploads\/2020\/07\/Interview-Esther-van-Essys-Schoonheid-NanoTech-Therapy-Body-Plaza-Europe-Partner-YouTube-300x220.png 300w, https:\/\/www.nanohealthcare.lu\/de\/wp-content\/uploads\/2020\/07\/Interview-Esther-van-Essys-Schoonheid-NanoTech-Therapy-Body-Plaza-Europe-Partner-YouTube.png 886w\" sizes=\"(max-width: 768px) 100vw, 768px\" \/><\/div><\/a>\n\t\t\t\t<div class=\"elementor-post__text\">\n\t\t\t\t<h3 class=\"elementor-post__title\">\n\t\t\t<a href=\"https:\/\/www.nanohealthcare.lu\/de\/interview-mit-esther-maas-firma-essys\/\" >\n\t\t\t\tInterview mit Esther Maas (Firma: Essy\u2019s)\t\t\t<\/a>\n\t\t<\/h3>\n\t\t\t\t<div class=\"elementor-post__excerpt\">\n\t\t\t<p>Hallo, ich bin Esther Maas Besitzerin von Ess&#8217;y Beauty. Ich bin ein Distributor f\u00fcr Sch\u00f6nheitsprodukte und auch ein Schulungszentrum f\u00fcr Kosmetikerinnen. Als Kosmetikerin arbeite ich<\/p>\n\t\t<\/div>\n\t\t\n\t\t<a class=\"elementor-post__read-more\" href=\"https:\/\/www.nanohealthcare.lu\/de\/interview-mit-esther-maas-firma-essys\/\" aria-label=\"Read more about Interview mit Esther Maas (Firma: Essy\u2019s)\" tabindex=\"-1\" >\n\t\t\tRead More \u00bb\t\t<\/a>\n\n\t\t\t\t<\/div>\n\t\t\t\t<div class=\"elementor-post__meta-data\">\n\t\t\t\t\t<span class=\"elementor-post-date\">\n\t\t\tJuly 15, 2020\t\t<\/span>\n\t\t\t\t<\/div>\n\t\t\t\t\t<\/div>\n\t\t<\/article>\n\t\t\t\t<\/div>\n\t\t\n\t\t\t\t\t\t<\/div>\n\t\t\t\t<\/div>\n\t\t\t\t\t<\/div>\n\t\t<\/div>\n\t\t\t\t\t<\/div>\n\t\t<\/section>\n\t\t\t\t\t<\/div>\n\t\t<\/div>\n\t\t\t\t\t<\/div>\n\t\t<\/section>\n\t\t\t\t<\/div>\n\t\t","protected":false},"excerpt":{"rendered":"<p>unsere KUNDEN Einige Interviews mit unseren Kunden.<\/p>\n","protected":false},"author":1,"featured_media":0,"parent":243,"menu_order":0,"comment_status":"closed","ping_status":"closed","template":"elementor_header_footer","meta":{"footnotes":""},"class_list":["post-265","page","type-page","status-publish","hentry"],"_links":{"self":[{"href":"https:\/\/www.nanohealthcare.lu\/de\/wp-json\/wp\/v2\/pages\/265"}],"collection":[{"href":"https:\/\/www.nanohealthcare.lu\/de\/wp-json\/wp\/v2\/pages"}],"about":[{"href":"https:\/\/www.nanohealthcare.lu\/de\/wp-json\/wp\/v2\/types\/page"}],"author":[{"embeddable":true,"href":"https:\/\/www.nanohealthcare.lu\/de\/wp-json\/wp\/v2\/users\/1"}],"replies":[{"embeddable":true,"href":"https:\/\/www.nanohealthcare.lu\/de\/wp-json\/wp\/v2\/comments?post=265"}],"version-history":[{"count":17,"href":"https:\/\/www.nanohealthcare.lu\/de\/wp-json\/wp\/v2\/pages\/265\/revisions"}],"predecessor-version":[{"id":1999,"href":"https:\/\/www.nanohealthcare.lu\/de\/wp-json\/wp\/v2\/pages\/265\/revisions\/1999"}],"up":[{"embeddable":true,"href":"https:\/\/www.nanohealthcare.lu\/de\/wp-json\/wp\/v2\/pages\/243"}],"wp:attachment":[{"href":"https:\/\/www.nanohealthcare.lu\/de\/wp-json\/wp\/v2\/media?parent=265"}],"curies":[{"name":"wp","href":"https:\/\/api.w.org\/{rel}","templated":true}]}}