{"id":37,"date":"2020-07-15T10:36:07","date_gmt":"2020-07-15T10:36:07","guid":{"rendered":"https:\/\/www.nanohealthcare.lu\/de\/?page_id=37"},"modified":"2023-08-29T13:37:30","modified_gmt":"2023-08-29T11:37:30","slug":"nano-cellcare","status":"publish","type":"page","link":"https:\/\/www.nanohealthcare.lu\/de\/nano-cellcare\/","title":{"rendered":"Nano CellCare"},"content":{"rendered":"\t\t<div data-elementor-type=\"wp-page\" data-elementor-id=\"37\" class=\"elementor elementor-37\" data-elementor-post-type=\"page\">\n\t\t\t\t\t\t<section class=\"elementor-section elementor-top-section elementor-element elementor-element-42312123 elementor-section-boxed elementor-section-height-default elementor-section-height-default\" data-id=\"42312123\" data-element_type=\"section\" data-e-type=\"section\" data-settings=\"{&quot;background_background&quot;:&quot;classic&quot;}\">\n\t\t\t\t\t\t<div class=\"elementor-container elementor-column-gap-default\">\n\t\t\t\t\t<div class=\"elementor-column elementor-col-100 elementor-top-column elementor-element elementor-element-532ff2d3\" data-id=\"532ff2d3\" data-element_type=\"column\" data-e-type=\"column\">\n\t\t\t<div class=\"elementor-widget-wrap elementor-element-populated\">\n\t\t\t\t\t\t<div class=\"elementor-element elementor-element-0dcb2b5 elementor-widget elementor-widget-heading\" data-id=\"0dcb2b5\" data-element_type=\"widget\" data-e-type=\"widget\" data-widget_type=\"heading.default\">\n\t\t\t\t<div class=\"elementor-widget-container\">\n\t\t\t\t\t<h2 class=\"elementor-heading-title elementor-size-xxl\">NANO CELLCARE<\/h2>\t\t\t\t<\/div>\n\t\t\t\t<\/div>\n\t\t\t\t<div class=\"elementor-element elementor-element-c06be99 elementor-widget-divider--view-line elementor-widget elementor-widget-divider\" data-id=\"c06be99\" data-element_type=\"widget\" data-e-type=\"widget\" data-widget_type=\"divider.default\">\n\t\t\t\t<div class=\"elementor-widget-container\">\n\t\t\t\t\t\t\t<div class=\"elementor-divider\">\n\t\t\t<span class=\"elementor-divider-separator\">\n\t\t\t\t\t\t<\/span>\n\t\t<\/div>\n\t\t\t\t\t\t<\/div>\n\t\t\t\t<\/div>\n\t\t\t\t<section class=\"elementor-section elementor-inner-section elementor-element elementor-element-ba4dc13 elementor-section-content-middle elementor-section-boxed elementor-section-height-default elementor-section-height-default\" data-id=\"ba4dc13\" data-element_type=\"section\" data-e-type=\"section\">\n\t\t\t\t\t\t<div class=\"elementor-container elementor-column-gap-no\">\n\t\t\t\t\t<div class=\"elementor-column elementor-col-50 elementor-inner-column elementor-element elementor-element-3113813\" data-id=\"3113813\" data-element_type=\"column\" data-e-type=\"column\" data-settings=\"{&quot;background_background&quot;:&quot;classic&quot;}\">\n\t\t\t<div class=\"elementor-widget-wrap elementor-element-populated\">\n\t\t\t\t\t\t<div class=\"elementor-element elementor-element-69795f3 elementor-widget elementor-widget-text-editor\" data-id=\"69795f3\" data-element_type=\"widget\" data-e-type=\"widget\" data-widget_type=\"text-editor.default\">\n\t\t\t\t<div class=\"elementor-widget-container\">\n\t\t\t\t\t\t\t\t\t<p>Nano Healthcare bietet als erstes Unternehmen die M\u00f6glichkeit, die Alterung zu verlangsamen und das Hautgewebe sowie die darunter liegenden Muskeln und Sehnen auf der Grundlage der Nanorisierung nat\u00fcrlicher Inhaltsstoffe wieder j\u00fcnger und ges\u00fcnder zu machen.<\/p><p><span style=\"font-weight: var( --e-global-typography-text-font-weight ); letter-spacing: var( --e-global-typography-text-letter-spacing );\">Die meisten Kunden f\u00fchlen und sehen nach nur einer Heilung Jahre j\u00fcnger aus.<br \/><\/span>Die Nano CellCare-Ausr\u00fcstung erm\u00f6glicht es, auf zellul\u00e4rer Ebene mit einer Vielzahl von aktiven N\u00e4hrstoffen zu arbeiten und alle vorhandenen Techniken, Cremes und Seren weit hinter sich zu lassen.<\/p>\t\t\t\t\t\t\t\t<\/div>\n\t\t\t\t<\/div>\n\t\t\t\t<div class=\"elementor-element elementor-element-b167291 elementor-widget elementor-widget-text-editor\" data-id=\"b167291\" data-element_type=\"widget\" data-e-type=\"widget\" data-widget_type=\"text-editor.default\">\n\t\t\t\t<div class=\"elementor-widget-container\">\n\t\t\t\t\t\t\t\t\t<p>Durch die Reduzierung der Inhaltsstoffe auf Nanopartikel von 20 bis 600 Nm (Nanometer) k\u00f6nnen sie problemlos tief in die Tiefe transportiert werden Hautschichten des eigenen K\u00f6rpers, die als \u201eSchwamm\u201c wirken und von den Zellen als organisches Material akzeptiert werden.<\/p><p><span style=\"text-decoration: underline;\"><strong>Durch das Anbieten der wichtigen Mineralien und der Ern\u00e4hrung auf zellul\u00e4rer Ebene wird der K\u00f6rper diese nicht ablehnen. Alles, was gr\u00f6\u00dfer als 600 nm ist, kann der K\u00f6rper auf zellul\u00e4rer Ebene nicht akzeptieren.<\/strong><\/span><\/p><p>Zum Vergleich: 1 Milliliter nanorisierte Hyalurons\u00e4ure k\u00f6nnte 1 Liter K\u00f6rperfl\u00fcssigkeit regulieren. Bitte beachten Sie, dass die durchschnittliche Person 45 l K\u00f6rperfl\u00fcssigkeit hat, daher k\u00f6nnte 1 Milliliter bereits einen gro\u00dfen Einfluss auf unseren K\u00f6rper haben.<\/p><h3><span style=\"font-size: var( --e-global-typography-text-font-size ); letter-spacing: var( --e-global-typography-text-letter-spacing );\">Nano CellCare bietet die einzige Technik der Welt, die dies erm\u00f6glicht. \u00a0<\/span><\/h3>\t\t\t\t\t\t\t\t<\/div>\n\t\t\t\t<\/div>\n\t\t\t\t\t<\/div>\n\t\t<\/div>\n\t\t\t\t<div class=\"elementor-column elementor-col-50 elementor-inner-column elementor-element elementor-element-6db5f7c\" data-id=\"6db5f7c\" data-element_type=\"column\" data-e-type=\"column\">\n\t\t\t<div class=\"elementor-widget-wrap elementor-element-populated\">\n\t\t\t\t\t\t<div class=\"elementor-element elementor-element-fdaf955 elementor-widget elementor-widget-image\" data-id=\"fdaf955\" data-element_type=\"widget\" data-e-type=\"widget\" data-widget_type=\"image.default\">\n\t\t\t\t<div class=\"elementor-widget-container\">\n\t\t\t\t\t\t\t\t\t\t\t\t\t\t\t\t<a href=\"https:\/\/www.nanohealthcare.lu\/de\/wp-content\/uploads\/2023\/04\/Nano-CellCare-zijkant-min.png\" data-elementor-open-lightbox=\"yes\" data-elementor-lightbox-title=\"Nano CellCare zijkant-min\" data-e-action-hash=\"#elementor-action%3Aaction%3Dlightbox%26settings%3DeyJpZCI6MjIwMywidXJsIjoiaHR0cHM6XC9cL3d3dy5uYW5vaGVhbHRoY2FyZS5sdVwvZGVcL3dwLWNvbnRlbnRcL3VwbG9hZHNcLzIwMjNcLzA0XC9OYW5vLUNlbGxDYXJlLXppamthbnQtbWluLnBuZyJ9\">\n\t\t\t\t\t\t\t<img fetchpriority=\"high\" decoding=\"async\" width=\"800\" height=\"800\" src=\"https:\/\/www.nanohealthcare.lu\/de\/wp-content\/uploads\/2023\/04\/Nano-CellCare-zijkant-min-1024x1024.png\" class=\"attachment-large size-large wp-image-2203\" alt=\"\" srcset=\"https:\/\/www.nanohealthcare.lu\/de\/wp-content\/uploads\/2023\/04\/Nano-CellCare-zijkant-min-1024x1024.png 1024w, https:\/\/www.nanohealthcare.lu\/de\/wp-content\/uploads\/2023\/04\/Nano-CellCare-zijkant-min-300x300.png 300w, https:\/\/www.nanohealthcare.lu\/de\/wp-content\/uploads\/2023\/04\/Nano-CellCare-zijkant-min-150x150.png 150w, https:\/\/www.nanohealthcare.lu\/de\/wp-content\/uploads\/2023\/04\/Nano-CellCare-zijkant-min-768x768.png 768w, https:\/\/www.nanohealthcare.lu\/de\/wp-content\/uploads\/2023\/04\/Nano-CellCare-zijkant-min-1536x1536.png 1536w, https:\/\/www.nanohealthcare.lu\/de\/wp-content\/uploads\/2023\/04\/Nano-CellCare-zijkant-min-2048x2048.png 2048w\" sizes=\"(max-width: 800px) 100vw, 800px\" \/>\t\t\t\t\t\t\t\t<\/a>\n\t\t\t\t\t\t\t\t\t\t\t\t\t\t\t<\/div>\n\t\t\t\t<\/div>\n\t\t\t\t\t<\/div>\n\t\t<\/div>\n\t\t\t\t\t<\/div>\n\t\t<\/section>\n\t\t\t\t<section class=\"elementor-section elementor-inner-section elementor-element elementor-element-33c3e9f elementor-section-content-middle elementor-section-boxed elementor-section-height-default elementor-section-height-default\" data-id=\"33c3e9f\" data-element_type=\"section\" data-e-type=\"section\">\n\t\t\t\t\t\t<div class=\"elementor-container elementor-column-gap-no\">\n\t\t\t\t\t<div class=\"elementor-column elementor-col-50 elementor-inner-column elementor-element elementor-element-0a66061\" data-id=\"0a66061\" data-element_type=\"column\" data-e-type=\"column\" data-settings=\"{&quot;background_background&quot;:&quot;classic&quot;}\">\n\t\t\t<div class=\"elementor-widget-wrap elementor-element-populated\">\n\t\t\t\t\t\t<div class=\"elementor-element elementor-element-017d2db elementor-widget elementor-widget-text-editor\" data-id=\"017d2db\" data-element_type=\"widget\" data-e-type=\"widget\" data-widget_type=\"text-editor.default\">\n\t\t\t\t<div class=\"elementor-widget-container\">\n\t\t\t\t\t\t\t\t\t<p>Bis zur Muskelebene k\u00f6nnen Ihre Zellen mit <span style=\"color: #00ccff;\">Mineralien aus Salz des Toten Meeres<\/span>, <span style=\"color: #00ccff;\">Vitamin C<\/span> und <span style=\"color: #00ccff;\">Hyalurons\u00e4ure<\/span> gef\u00fcttert werden, die f\u00fcr unsere Zellen und die Qualit\u00e4t des Gewebes sehr wichtig sind.<\/p>\t\t\t\t\t\t\t\t<\/div>\n\t\t\t\t<\/div>\n\t\t\t\t\t<\/div>\n\t\t<\/div>\n\t\t\t\t<div class=\"elementor-column elementor-col-50 elementor-inner-column elementor-element elementor-element-7f41c2a\" data-id=\"7f41c2a\" data-element_type=\"column\" data-e-type=\"column\" data-settings=\"{&quot;background_background&quot;:&quot;classic&quot;}\">\n\t\t\t<div class=\"elementor-widget-wrap elementor-element-populated\">\n\t\t\t\t\t\t<div class=\"elementor-element elementor-element-69e328b elementor-widget elementor-widget-text-editor\" data-id=\"69e328b\" data-element_type=\"widget\" data-e-type=\"widget\" data-widget_type=\"text-editor.default\">\n\t\t\t\t<div class=\"elementor-widget-container\">\n\t\t\t\t\t\t\t\t\t<p>Infolgedessen Ihr Mangel an Hyalurons\u00e4ure; aufgrund einer verlangsamten Produktion; kann auf fr\u00fcheren Ebenen leicht wieder aufgef\u00fcllt werden, so dass sich Ihre Zellen leichter erneuern k\u00f6nnen. Dies bringt Ihre Zellintegrit\u00e4t und Ihr gesamtes Immunsystem auf ein ges\u00fcnderes Niveau und verhindert m\u00f6glicherweise zuk\u00fcnftige Probleme.<\/p>\t\t\t\t\t\t\t\t<\/div>\n\t\t\t\t<\/div>\n\t\t\t\t\t<\/div>\n\t\t<\/div>\n\t\t\t\t\t<\/div>\n\t\t<\/section>\n\t\t\t\t<section class=\"elementor-section elementor-inner-section elementor-element elementor-element-8e4f6b8 elementor-section-content-middle elementor-section-boxed elementor-section-height-default elementor-section-height-default\" data-id=\"8e4f6b8\" data-element_type=\"section\" data-e-type=\"section\">\n\t\t\t\t\t\t<div class=\"elementor-container elementor-column-gap-default\">\n\t\t\t\t\t<div class=\"elementor-column elementor-col-50 elementor-inner-column elementor-element elementor-element-5f308a5\" data-id=\"5f308a5\" data-element_type=\"column\" data-e-type=\"column\" data-settings=\"{&quot;background_background&quot;:&quot;classic&quot;}\">\n\t\t\t<div class=\"elementor-widget-wrap elementor-element-populated\">\n\t\t\t\t\t\t<div class=\"elementor-element elementor-element-0c2acc5 elementor-widget elementor-widget-text-editor\" data-id=\"0c2acc5\" data-element_type=\"widget\" data-e-type=\"widget\" data-widget_type=\"text-editor.default\">\n\t\t\t\t<div class=\"elementor-widget-container\">\n\t\t\t\t\t\t\t\t\t<p>Abh\u00e4ngig von Ihrem Alter, Ihren Genen und Ihrer Veranlagung kann mit nur einmal w\u00f6chentlicher Behandlung in nur 6 Monaten eine Hautverj\u00fcngung von bis zu 8 bis 12 Jahren erreicht werden. Nachbehandlungen k\u00f6nnen dann einmal im Monat oder alle 2 Monate geplant werden, um das erreichte Niveau aufrechtzuerhalten.<\/p><p>Die Nano CellCare-Therapie kann als lokale Behandlung wie Hautverj\u00fcngung im Gesicht, als lokalisierte Vitalit\u00e4tskur oder in einer Kabine eingesetzt werden, in der der gesamte K\u00f6rper gleichzeitig mit den N\u00e4hrstoffen versorgt wird. Wenn Sie Ihre Haut mit nanorisierten N\u00e4hrstoffen versorgen, verschwinden verschiedene Probleme oft wie Schnee vor der Sonne und Ihre Haut wird immer wieder neu belebt. Mit Nano CellCare arbeiten wir von innen nach au\u00dfen an Ihrer Gesundheit. Probieren Sie es einfach selbst aus und buchen Sie eine Probebehandlung an einem unserer Behandlungsorte im Nano Healthcare.<br \/><br \/>Gerne informieren wir Sie \u00fcber alle besonderen M\u00f6glichkeiten.<\/p>\t\t\t\t\t\t\t\t<\/div>\n\t\t\t\t<\/div>\n\t\t\t\t\t<\/div>\n\t\t<\/div>\n\t\t\t\t<div class=\"elementor-column elementor-col-50 elementor-inner-column elementor-element elementor-element-7029cc1\" data-id=\"7029cc1\" data-element_type=\"column\" data-e-type=\"column\">\n\t\t\t<div class=\"elementor-widget-wrap elementor-element-populated\">\n\t\t\t\t\t\t<div class=\"elementor-element elementor-element-2dae6b0 elementor-widget elementor-widget-image\" data-id=\"2dae6b0\" data-element_type=\"widget\" data-e-type=\"widget\" data-widget_type=\"image.default\">\n\t\t\t\t<div class=\"elementor-widget-container\">\n\t\t\t\t\t\t\t\t\t\t\t\t\t\t\t<img decoding=\"async\" width=\"768\" height=\"529\" src=\"https:\/\/www.nanohealthcare.lu\/de\/wp-content\/uploads\/2020\/08\/IMG_5289-1-768x529.png\" class=\"attachment-medium_large size-medium_large wp-image-840\" alt=\"\" srcset=\"https:\/\/www.nanohealthcare.lu\/de\/wp-content\/uploads\/2020\/08\/IMG_5289-1-768x529.png 768w, https:\/\/www.nanohealthcare.lu\/de\/wp-content\/uploads\/2020\/08\/IMG_5289-1-300x207.png 300w, https:\/\/www.nanohealthcare.lu\/de\/wp-content\/uploads\/2020\/08\/IMG_5289-1.png 800w\" sizes=\"(max-width: 768px) 100vw, 768px\" \/>\t\t\t\t\t\t\t\t\t\t\t\t\t\t\t<\/div>\n\t\t\t\t<\/div>\n\t\t\t\t\t<\/div>\n\t\t<\/div>\n\t\t\t\t\t<\/div>\n\t\t<\/section>\n\t\t\t\t\t<\/div>\n\t\t<\/div>\n\t\t\t\t\t<\/div>\n\t\t<\/section>\n\t\t\t\t<section class=\"elementor-section elementor-top-section elementor-element elementor-element-555bdb1 elementor-section-full_width elementor-section-height-default elementor-section-height-default\" data-id=\"555bdb1\" data-element_type=\"section\" data-e-type=\"section\">\n\t\t\t\t\t\t<div class=\"elementor-container elementor-column-gap-no\">\n\t\t\t\t\t<div class=\"elementor-column elementor-col-100 elementor-top-column elementor-element elementor-element-1ab02ea\" data-id=\"1ab02ea\" data-element_type=\"column\" data-e-type=\"column\">\n\t\t\t<div class=\"elementor-widget-wrap elementor-element-populated\">\n\t\t\t\t\t\t<div class=\"elementor-element elementor-element-5a45622 elementor-widget elementor-widget-shortcode\" data-id=\"5a45622\" data-element_type=\"widget\" data-e-type=\"widget\" data-widget_type=\"shortcode.default\">\n\t\t\t\t<div class=\"elementor-widget-container\">\n\t\t\t\t\t\t\t<div class=\"elementor-shortcode\">\t\t<div data-elementor-type=\"section\" data-elementor-id=\"1173\" class=\"elementor elementor-1173\" data-elementor-post-type=\"elementor_library\">\n\t\t\t\t\t<section class=\"elementor-section elementor-top-section elementor-element elementor-element-261ddbe9 elementor-section-boxed elementor-section-height-default elementor-section-height-default\" data-id=\"261ddbe9\" data-element_type=\"section\" data-e-type=\"section\" data-settings=\"{&quot;background_background&quot;:&quot;classic&quot;}\">\n\t\t\t\t\t\t<div class=\"elementor-container elementor-column-gap-default\">\n\t\t\t\t\t<div class=\"elementor-column elementor-col-100 elementor-top-column elementor-element elementor-element-13f5f1ad\" data-id=\"13f5f1ad\" data-element_type=\"column\" data-e-type=\"column\">\n\t\t\t<div class=\"elementor-widget-wrap elementor-element-populated\">\n\t\t\t\t\t\t<div class=\"elementor-element elementor-element-107c755a elementor-widget elementor-widget-heading\" data-id=\"107c755a\" data-element_type=\"widget\" data-e-type=\"widget\" data-widget_type=\"heading.default\">\n\t\t\t\t<div class=\"elementor-widget-container\">\n\t\t\t\t\t<h2 class=\"elementor-heading-title elementor-size-default\">mehr INFORMATIONEN?<br>\nBitte kontaktieren Sie uns!<\/h2>\t\t\t\t<\/div>\n\t\t\t\t<\/div>\n\t\t\t\t<div class=\"elementor-element elementor-element-1570c1c5 elementor-widget-divider--view-line elementor-widget elementor-widget-divider\" data-id=\"1570c1c5\" data-element_type=\"widget\" data-e-type=\"widget\" data-widget_type=\"divider.default\">\n\t\t\t\t<div class=\"elementor-widget-container\">\n\t\t\t\t\t\t\t<div class=\"elementor-divider\">\n\t\t\t<span class=\"elementor-divider-separator\">\n\t\t\t\t\t\t<\/span>\n\t\t<\/div>\n\t\t\t\t\t\t<\/div>\n\t\t\t\t<\/div>\n\t\t\t\t<div class=\"elementor-element elementor-element-36a5d1b4 elementor-widget elementor-widget-text-editor\" data-id=\"36a5d1b4\" data-element_type=\"widget\" data-e-type=\"widget\" data-widget_type=\"text-editor.default\">\n\t\t\t\t<div class=\"elementor-widget-container\">\n\t\t\t\t\t\t\t\t\t<p>Schreiben Sie uns, wenn Sie mehr \u00fcber Nano HealthCare erfahren m\u00f6chten oder Ihre erste Nano CellCare-Behandlung bei einem unserer <span style=\"text-decoration: underline; color: #666699;\"><a style=\"color: #666699; text-decoration: underline;\" href=\"_wp_link_placeholder\" data-wplink-edit=\"true\">Nano-Therapeuten<\/a><\/span> buchen m\u00f6chten. F\u00fcllen Sie bitte das folgende Formular aus.<\/p>\t\t\t\t\t\t\t\t<\/div>\n\t\t\t\t<\/div>\n\t\t\t\t<div class=\"elementor-element elementor-element-745572a7 elementor-button-align-stretch elementor-widget elementor-widget-form\" data-id=\"745572a7\" data-element_type=\"widget\" data-e-type=\"widget\" data-settings=\"{&quot;button_width&quot;:&quot;40&quot;,&quot;step_next_label&quot;:&quot;Next&quot;,&quot;step_previous_label&quot;:&quot;Previous&quot;,&quot;step_type&quot;:&quot;number_text&quot;,&quot;step_icon_shape&quot;:&quot;circle&quot;}\" data-widget_type=\"form.default\">\n\t\t\t\t<div class=\"elementor-widget-container\">\n\t\t\t\t\t\t\t<form class=\"elementor-form\" method=\"post\" name=\"New Form\">\n\t\t\t<input type=\"hidden\" name=\"post_id\" value=\"1173\"\/>\n\t\t\t<input type=\"hidden\" name=\"form_id\" value=\"745572a7\"\/>\n\t\t\t<input type=\"hidden\" name=\"referer_title\" value=\"Body Plaza Europe\" \/>\n\n\t\t\t\t\t\t\t<input type=\"hidden\" name=\"queried_id\" value=\"1003\"\/>\n\t\t\t\n\t\t\t<div class=\"elementor-form-fields-wrapper elementor-labels-above\">\n\t\t\t\t\t\t\t\t<div class=\"elementor-field-type-text elementor-field-group elementor-column elementor-field-group-name elementor-col-50 elementor-field-required\">\n\t\t\t\t\t\t\t\t\t\t\t\t\t<input size=\"1\" type=\"text\" name=\"form_fields[name]\" id=\"form-field-name\" class=\"elementor-field elementor-size-sm  elementor-field-textual\" placeholder=\"Dein Name*\" required=\"required\" aria-required=\"true\">\n\t\t\t\t\t\t\t\t\t\t\t<\/div>\n\t\t\t\t\t\t\t\t<div class=\"elementor-field-type-email elementor-field-group elementor-column elementor-field-group-email elementor-col-50 elementor-field-required\">\n\t\t\t\t\t\t\t\t\t\t\t\t\t<input size=\"1\" type=\"email\" name=\"form_fields[email]\" id=\"form-field-email\" class=\"elementor-field elementor-size-sm  elementor-field-textual\" placeholder=\"E-Mail-Addresse*\" required=\"required\" aria-required=\"true\">\n\t\t\t\t\t\t\t\t\t\t\t<\/div>\n\t\t\t\t\t\t\t\t<div class=\"elementor-field-type-textarea elementor-field-group elementor-column elementor-field-group-message elementor-col-100 elementor-field-required\">\n\t\t\t\t\t<textarea class=\"elementor-field-textual elementor-field  elementor-size-sm\" name=\"form_fields[message]\" id=\"form-field-message\" rows=\"4\" placeholder=\"Botschaft\" required=\"required\" aria-required=\"true\"><\/textarea>\t\t\t\t<\/div>\n\t\t\t\t\t\t\t\t<div class=\"elementor-field-type-acceptance elementor-field-group elementor-column elementor-field-group-field_940b5bf elementor-col-100 elementor-field-required\">\n\t\t\t\t\t\t\t<div class=\"elementor-field-subgroup\">\n\t\t\t<span class=\"elementor-field-option\">\n\t\t\t\t<input type=\"checkbox\" name=\"form_fields[field_940b5bf]\" id=\"form-field-field_940b5bf\" class=\"elementor-field elementor-size-sm  elementor-acceptance-field\" required=\"required\" aria-required=\"true\">\n\t\t\t\t<label for=\"form-field-field_940b5bf\"><a href=\"https:\/\/www.nanohealthcare.lu\/de\/privacy-cookie-policy\/\" target=\"_blank\" style=\"color:#333333; text-decoration:underline;\">Datenschutzerkl\u00e4rung*<\/a> Durch die Verwendung dieses Formulars stimmen Sie der Speicherung und Verarbeitung Ihrer Daten durch diese Website zu.<\/label>\t\t\t<\/span>\n\t\t<\/div>\n\t\t\t\t\t\t<\/div>\n\t\t\t\t\t\t\t\t<div class=\"elementor-field-type-recaptcha_v3 elementor-field-group elementor-column elementor-field-group-field_8f7025f elementor-col-100 recaptcha_v3-bottomright\">\n\t\t\t\t\t<div class=\"elementor-field\" id=\"form-field-field_8f7025f\"><div class=\"elementor-g-recaptcha\" data-sitekey=\"6LdSuAwbAAAAAKyDFOdScsm4XXiyjjNf9ZIfq_Mb\" data-type=\"v3\" data-action=\"Form\" data-badge=\"bottomright\" data-size=\"invisible\"><\/div><\/div>\t\t\t\t<\/div>\n\t\t\t\t\t\t\t\t<div class=\"elementor-field-group elementor-column elementor-field-type-submit elementor-col-40 e-form__buttons\">\n\t\t\t\t\t<button class=\"elementor-button elementor-size-sm elementor-animation-bounce-in\" type=\"submit\">\n\t\t\t\t\t\t<span class=\"elementor-button-content-wrapper\">\n\t\t\t\t\t\t\t\t\t\t\t\t\t\t\t\t\t\t\t\t\t\t<span class=\"elementor-button-text\">NACHRICHT SENDEN<\/span>\n\t\t\t\t\t\t\t\t\t\t\t\t\t<\/span>\n\t\t\t\t\t<\/button>\n\t\t\t\t<\/div>\n\t\t\t<\/div>\n\t\t<\/form>\n\t\t\t\t\t\t<\/div>\n\t\t\t\t<\/div>\n\t\t\t\t\t<\/div>\n\t\t<\/div>\n\t\t\t\t\t<\/div>\n\t\t<\/section>\n\t\t\t\t<\/div>\n\t\t<\/div>\n\t\t\t\t\t\t<\/div>\n\t\t\t\t<\/div>\n\t\t\t\t\t<\/div>\n\t\t<\/div>\n\t\t\t\t\t<\/div>\n\t\t<\/section>\n\t\t\t\t<\/div>\n\t\t","protected":false},"excerpt":{"rendered":"<p>NANO CELLCARE Nano Healthcare bietet als erstes Unternehmen die M\u00f6glichkeit, die Alterung zu verlangsamen und das Hautgewebe sowie die darunter liegenden Muskeln und Sehnen auf der Grundlage der Nanorisierung nat\u00fcrlicher Inhaltsstoffe wieder j\u00fcnger und ges\u00fcnder zu machen. Die meisten Kunden f\u00fchlen und sehen nach nur einer Heilung Jahre j\u00fcnger aus.Die Nano CellCare-Ausr\u00fcstung erm\u00f6glicht es, auf [&hellip;]<\/p>\n","protected":false},"author":1,"featured_media":0,"parent":0,"menu_order":0,"comment_status":"closed","ping_status":"closed","template":"","meta":{"footnotes":""},"class_list":["post-37","page","type-page","status-publish","hentry"],"_links":{"self":[{"href":"https:\/\/www.nanohealthcare.lu\/de\/wp-json\/wp\/v2\/pages\/37"}],"collection":[{"href":"https:\/\/www.nanohealthcare.lu\/de\/wp-json\/wp\/v2\/pages"}],"about":[{"href":"https:\/\/www.nanohealthcare.lu\/de\/wp-json\/wp\/v2\/types\/page"}],"author":[{"embeddable":true,"href":"https:\/\/www.nanohealthcare.lu\/de\/wp-json\/wp\/v2\/users\/1"}],"replies":[{"embeddable":true,"href":"https:\/\/www.nanohealthcare.lu\/de\/wp-json\/wp\/v2\/comments?post=37"}],"version-history":[{"count":73,"href":"https:\/\/www.nanohealthcare.lu\/de\/wp-json\/wp\/v2\/pages\/37\/revisions"}],"predecessor-version":[{"id":2211,"href":"https:\/\/www.nanohealthcare.lu\/de\/wp-json\/wp\/v2\/pages\/37\/revisions\/2211"}],"wp:attachment":[{"href":"https:\/\/www.nanohealthcare.lu\/de\/wp-json\/wp\/v2\/media?parent=37"}],"curies":[{"name":"wp","href":"https:\/\/api.w.org\/{rel}","templated":true}]}}