{"id":265,"date":"2020-08-03T11:00:51","date_gmt":"2020-08-03T11:00:51","guid":{"rendered":"https:\/\/www.nanohealthcare.lu\/fr\/?page_id=265"},"modified":"2021-09-11T18:43:14","modified_gmt":"2021-09-11T18:43:14","slug":"clients","status":"publish","type":"page","link":"https:\/\/www.nanohealthcare.lu\/fr\/blog\/clients\/","title":{"rendered":"Clients"},"content":{"rendered":"\t\t<div data-elementor-type=\"wp-page\" data-elementor-id=\"265\" class=\"elementor elementor-265\" data-elementor-post-type=\"page\">\n\t\t\t\t\t\t<section class=\"elementor-section elementor-top-section elementor-element elementor-element-7b07e9d elementor-section-boxed elementor-section-height-default elementor-section-height-default\" data-id=\"7b07e9d\" data-element_type=\"section\" data-e-type=\"section\" data-settings=\"{&quot;background_background&quot;:&quot;classic&quot;}\">\n\t\t\t\t\t\t<div class=\"elementor-container elementor-column-gap-default\">\n\t\t\t\t\t<div class=\"elementor-column elementor-col-100 elementor-top-column elementor-element elementor-element-6588f82\" data-id=\"6588f82\" data-element_type=\"column\" data-e-type=\"column\">\n\t\t\t<div class=\"elementor-widget-wrap elementor-element-populated\">\n\t\t\t\t\t\t<section class=\"elementor-section elementor-inner-section elementor-element elementor-element-74f11d2 elementor-section-boxed elementor-section-height-default elementor-section-height-default\" data-id=\"74f11d2\" data-element_type=\"section\" data-e-type=\"section\">\n\t\t\t\t\t\t<div class=\"elementor-container elementor-column-gap-default\">\n\t\t\t\t\t<div class=\"elementor-column elementor-col-33 elementor-inner-column elementor-element elementor-element-fcf6f29\" data-id=\"fcf6f29\" data-element_type=\"column\" data-e-type=\"column\">\n\t\t\t<div class=\"elementor-widget-wrap elementor-element-populated\">\n\t\t\t\t\t\t<div class=\"elementor-element elementor-element-04fa711 elementor-widget-divider--view-line elementor-widget elementor-widget-divider\" data-id=\"04fa711\" data-element_type=\"widget\" data-e-type=\"widget\" data-widget_type=\"divider.default\">\n\t\t\t\t<div class=\"elementor-widget-container\">\n\t\t\t\t\t\t\t<div class=\"elementor-divider\">\n\t\t\t<span class=\"elementor-divider-separator\">\n\t\t\t\t\t\t<\/span>\n\t\t<\/div>\n\t\t\t\t\t\t<\/div>\n\t\t\t\t<\/div>\n\t\t\t\t\t<\/div>\n\t\t<\/div>\n\t\t\t\t<div class=\"elementor-column elementor-col-33 elementor-inner-column elementor-element elementor-element-6ab7c72\" data-id=\"6ab7c72\" data-element_type=\"column\" data-e-type=\"column\">\n\t\t\t<div class=\"elementor-widget-wrap elementor-element-populated\">\n\t\t\t\t\t\t<div class=\"elementor-element elementor-element-9c899be elementor-widget elementor-widget-heading\" data-id=\"9c899be\" data-element_type=\"widget\" data-e-type=\"widget\" data-widget_type=\"heading.default\">\n\t\t\t\t<div class=\"elementor-widget-container\">\n\t\t\t\t\t<h2 class=\"elementor-heading-title elementor-size-default\">NOS CLIENTS<\/h2>\t\t\t\t<\/div>\n\t\t\t\t<\/div>\n\t\t\t\t<div class=\"elementor-element elementor-element-8dd548f elementor-widget elementor-widget-text-editor\" data-id=\"8dd548f\" data-element_type=\"widget\" data-e-type=\"widget\" data-widget_type=\"text-editor.default\">\n\t\t\t\t<div class=\"elementor-widget-container\">\n\t\t\t\t\t\t\t\t\t<p>Quelques entretiens avec nos clients.<\/p>\t\t\t\t\t\t\t\t<\/div>\n\t\t\t\t<\/div>\n\t\t\t\t\t<\/div>\n\t\t<\/div>\n\t\t\t\t<div class=\"elementor-column elementor-col-33 elementor-inner-column elementor-element elementor-element-4c74a0b\" data-id=\"4c74a0b\" data-element_type=\"column\" data-e-type=\"column\">\n\t\t\t<div class=\"elementor-widget-wrap elementor-element-populated\">\n\t\t\t\t\t\t<div class=\"elementor-element elementor-element-53c42b2 elementor-widget-divider--view-line elementor-widget elementor-widget-divider\" data-id=\"53c42b2\" data-element_type=\"widget\" data-e-type=\"widget\" data-widget_type=\"divider.default\">\n\t\t\t\t<div class=\"elementor-widget-container\">\n\t\t\t\t\t\t\t<div class=\"elementor-divider\">\n\t\t\t<span class=\"elementor-divider-separator\">\n\t\t\t\t\t\t<\/span>\n\t\t<\/div>\n\t\t\t\t\t\t<\/div>\n\t\t\t\t<\/div>\n\t\t\t\t\t<\/div>\n\t\t<\/div>\n\t\t\t\t\t<\/div>\n\t\t<\/section>\n\t\t\t\t<section class=\"elementor-section elementor-inner-section elementor-element elementor-element-06967fa elementor-section-boxed elementor-section-height-default elementor-section-height-default\" data-id=\"06967fa\" data-element_type=\"section\" data-e-type=\"section\">\n\t\t\t\t\t\t<div class=\"elementor-container elementor-column-gap-default\">\n\t\t\t\t\t<div class=\"elementor-column elementor-col-100 elementor-inner-column elementor-element elementor-element-e137540\" data-id=\"e137540\" data-element_type=\"column\" data-e-type=\"column\">\n\t\t\t<div class=\"elementor-widget-wrap elementor-element-populated\">\n\t\t\t\t\t\t<div class=\"elementor-element elementor-element-6e4ef31 elementor-grid-3 elementor-grid-tablet-2 elementor-grid-mobile-1 elementor-posts--thumbnail-top elementor-card-shadow-yes elementor-posts__hover-gradient elementor-widget elementor-widget-posts\" data-id=\"6e4ef31\" data-element_type=\"widget\" data-e-type=\"widget\" data-settings=\"{&quot;cards_columns&quot;:&quot;3&quot;,&quot;cards_columns_tablet&quot;:&quot;2&quot;,&quot;cards_columns_mobile&quot;:&quot;1&quot;,&quot;cards_row_gap&quot;:{&quot;unit&quot;:&quot;px&quot;,&quot;size&quot;:35,&quot;sizes&quot;:[]},&quot;cards_row_gap_tablet&quot;:{&quot;unit&quot;:&quot;px&quot;,&quot;size&quot;:&quot;&quot;,&quot;sizes&quot;:[]},&quot;cards_row_gap_mobile&quot;:{&quot;unit&quot;:&quot;px&quot;,&quot;size&quot;:&quot;&quot;,&quot;sizes&quot;:[]}}\" data-widget_type=\"posts.cards\">\n\t\t\t\t<div class=\"elementor-widget-container\">\n\t\t\t\t\t\t\t<div class=\"elementor-posts-container elementor-posts elementor-posts--skin-cards elementor-grid\">\n\t\t\t\t<article class=\"elementor-post elementor-grid-item post-1126 post type-post status-publish format-standard has-post-thumbnail hentry category-clients\">\n\t\t\t<div class=\"elementor-post__card\">\n\t\t\t\t<a class=\"elementor-post__thumbnail__link\" href=\"https:\/\/www.nanohealthcare.lu\/fr\/essys-schoonheid-steensel\/\" tabindex=\"-1\" ><div class=\"elementor-post__thumbnail\"><img fetchpriority=\"high\" decoding=\"async\" width=\"768\" height=\"509\" src=\"https:\/\/i0.wp.com\/www.nanohealthcare.lu\/fr\/wp-content\/uploads\/2020\/10\/84336385_2539223443012546_7973167783531773952_o.jpg?fit=768%2C509&amp;ssl=1\" class=\"attachment-medium_large size-medium_large wp-image-1129\" alt=\"\" srcset=\"https:\/\/i0.wp.com\/www.nanohealthcare.lu\/fr\/wp-content\/uploads\/2020\/10\/84336385_2539223443012546_7973167783531773952_o.jpg?w=1440&amp;ssl=1 1440w, https:\/\/i0.wp.com\/www.nanohealthcare.lu\/fr\/wp-content\/uploads\/2020\/10\/84336385_2539223443012546_7973167783531773952_o.jpg?resize=300%2C199&amp;ssl=1 300w, https:\/\/i0.wp.com\/www.nanohealthcare.lu\/fr\/wp-content\/uploads\/2020\/10\/84336385_2539223443012546_7973167783531773952_o.jpg?resize=1024%2C679&amp;ssl=1 1024w, https:\/\/i0.wp.com\/www.nanohealthcare.lu\/fr\/wp-content\/uploads\/2020\/10\/84336385_2539223443012546_7973167783531773952_o.jpg?resize=768%2C509&amp;ssl=1 768w\" sizes=\"(max-width: 768px) 100vw, 768px\" \/><\/div><\/a>\n\t\t\t\t<div class=\"elementor-post__text\">\n\t\t\t\t<h3 class=\"elementor-post__title\">\n\t\t\t<a href=\"https:\/\/www.nanohealthcare.lu\/fr\/essys-schoonheid-steensel\/\" >\n\t\t\t\tEssy&#8217;s Schoonheid &#8211; Steensel\t\t\t<\/a>\n\t\t<\/h3>\n\t\t\t\t<div class=\"elementor-post__excerpt\">\n\t\t\t<p>Essy&#8217;s Beauty est un salon de beaut\u00e9 situ\u00e9 dans un bel endroit \u00e0 Steensel. Esther est l&#8217;heureuse propri\u00e9taire de ce b\u00e2timent r\u00e9cemment r\u00e9nov\u00e9. Esther repr\u00e9sente<\/p>\n\t\t<\/div>\n\t\t\n\t\t<a class=\"elementor-post__read-more\" href=\"https:\/\/www.nanohealthcare.lu\/fr\/essys-schoonheid-steensel\/\" aria-label=\"Read more about Essy&#8217;s Schoonheid &#8211; Steensel\" tabindex=\"-1\" >\n\t\t\tLIRE LA SUITE \u00bb\t\t<\/a>\n\n\t\t\t\t<\/div>\n\t\t\t\t\t<\/div>\n\t\t<\/article>\n\t\t\t\t<article class=\"elementor-post elementor-grid-item post-1119 post type-post status-publish format-standard has-post-thumbnail hentry category-clients\">\n\t\t\t<div class=\"elementor-post__card\">\n\t\t\t\t<a class=\"elementor-post__thumbnail__link\" href=\"https:\/\/www.nanohealthcare.lu\/fr\/hans-zwart-body-plaza-nano-center-in-veghel\/\" tabindex=\"-1\" ><div class=\"elementor-post__thumbnail\"><img decoding=\"async\" width=\"768\" height=\"768\" src=\"https:\/\/i0.wp.com\/www.nanohealthcare.lu\/fr\/wp-content\/uploads\/2020\/10\/Hans-foto-3-768x768-1.jpg?fit=768%2C768&amp;ssl=1\" class=\"attachment-medium_large size-medium_large wp-image-1691\" alt=\"\" srcset=\"https:\/\/i0.wp.com\/www.nanohealthcare.lu\/fr\/wp-content\/uploads\/2020\/10\/Hans-foto-3-768x768-1.jpg?w=768&amp;ssl=1 768w, https:\/\/i0.wp.com\/www.nanohealthcare.lu\/fr\/wp-content\/uploads\/2020\/10\/Hans-foto-3-768x768-1.jpg?resize=300%2C300&amp;ssl=1 300w, https:\/\/i0.wp.com\/www.nanohealthcare.lu\/fr\/wp-content\/uploads\/2020\/10\/Hans-foto-3-768x768-1.jpg?resize=150%2C150&amp;ssl=1 150w\" sizes=\"(max-width: 768px) 100vw, 768px\" \/><\/div><\/a>\n\t\t\t\t<div class=\"elementor-post__text\">\n\t\t\t\t<h3 class=\"elementor-post__title\">\n\t\t\t<a href=\"https:\/\/www.nanohealthcare.lu\/fr\/hans-zwart-body-plaza-nano-center-in-veghel\/\" >\n\t\t\t\tHans Zwart &#8211; Body Plaza Nano Center in Veghel\t\t\t<\/a>\n\t\t<\/h3>\n\t\t\t\t<div class=\"elementor-post__excerpt\">\n\t\t\t<p>Votre th\u00e9rapeute Nano CellCare Il y a quelques ann\u00e9es, j&#8217;ai rencontr\u00e9 un d\u00e9veloppeur tr\u00e8s int\u00e9ressant dans le domaine des applications de sant\u00e9 , de sport<\/p>\n\t\t<\/div>\n\t\t\n\t\t<a class=\"elementor-post__read-more\" href=\"https:\/\/www.nanohealthcare.lu\/fr\/hans-zwart-body-plaza-nano-center-in-veghel\/\" aria-label=\"Read more about Hans Zwart &#8211; Body Plaza Nano Center in Veghel\" tabindex=\"-1\" >\n\t\t\tLIRE LA SUITE \u00bb\t\t<\/a>\n\n\t\t\t\t<\/div>\n\t\t\t\t\t<\/div>\n\t\t<\/article>\n\t\t\t\t<article class=\"elementor-post elementor-grid-item post-1112 post type-post status-publish format-standard has-post-thumbnail hentry category-clients\">\n\t\t\t<div class=\"elementor-post__card\">\n\t\t\t\t<a class=\"elementor-post__thumbnail__link\" href=\"https:\/\/www.nanohealthcare.lu\/fr\/astrid-beenacker-nano-center-bavel\/\" tabindex=\"-1\" ><div class=\"elementor-post__thumbnail\"><img decoding=\"async\" width=\"768\" height=\"768\" src=\"https:\/\/i0.wp.com\/www.nanohealthcare.lu\/fr\/wp-content\/uploads\/2020\/10\/Salon-Astrid-1.jpg?fit=768%2C768&amp;ssl=1\" class=\"attachment-medium_large size-medium_large wp-image-1697\" alt=\"\" srcset=\"https:\/\/i0.wp.com\/www.nanohealthcare.lu\/fr\/wp-content\/uploads\/2020\/10\/Salon-Astrid-1.jpg?w=800&amp;ssl=1 800w, https:\/\/i0.wp.com\/www.nanohealthcare.lu\/fr\/wp-content\/uploads\/2020\/10\/Salon-Astrid-1.jpg?resize=300%2C300&amp;ssl=1 300w, https:\/\/i0.wp.com\/www.nanohealthcare.lu\/fr\/wp-content\/uploads\/2020\/10\/Salon-Astrid-1.jpg?resize=150%2C150&amp;ssl=1 150w, https:\/\/i0.wp.com\/www.nanohealthcare.lu\/fr\/wp-content\/uploads\/2020\/10\/Salon-Astrid-1.jpg?resize=768%2C768&amp;ssl=1 768w\" sizes=\"(max-width: 768px) 100vw, 768px\" \/><\/div><\/a>\n\t\t\t\t<div class=\"elementor-post__text\">\n\t\t\t\t<h3 class=\"elementor-post__title\">\n\t\t\t<a href=\"https:\/\/www.nanohealthcare.lu\/fr\/astrid-beenacker-nano-center-bavel\/\" >\n\t\t\t\tAstrid Beenacker &#8211; Nano Center Bavel\t\t\t<\/a>\n\t\t<\/h3>\n\t\t\t\t<div class=\"elementor-post__excerpt\">\n\t\t\t<p>Astrid a ouvert un Nano Center \u00e0 Bavel. En tant que v\u00e9ritable athl\u00e8te avec un grand amour pour le golf, Astrid est entr\u00e9e en contact<\/p>\n\t\t<\/div>\n\t\t\n\t\t<a class=\"elementor-post__read-more\" href=\"https:\/\/www.nanohealthcare.lu\/fr\/astrid-beenacker-nano-center-bavel\/\" aria-label=\"Read more about Astrid Beenacker &#8211; Nano Center Bavel\" tabindex=\"-1\" >\n\t\t\tLIRE LA SUITE \u00bb\t\t<\/a>\n\n\t\t\t\t<\/div>\n\t\t\t\t\t<\/div>\n\t\t<\/article>\n\t\t\t\t<article class=\"elementor-post elementor-grid-item post-1109 post type-post status-publish format-standard has-post-thumbnail hentry category-clients\">\n\t\t\t<div class=\"elementor-post__card\">\n\t\t\t\t<a class=\"elementor-post__thumbnail__link\" href=\"https:\/\/www.nanohealthcare.lu\/fr\/balans-en-voeding-venlo\/\" tabindex=\"-1\" ><div class=\"elementor-post__thumbnail\"><img loading=\"lazy\" decoding=\"async\" width=\"768\" height=\"768\" src=\"https:\/\/i0.wp.com\/www.nanohealthcare.lu\/fr\/wp-content\/uploads\/2020\/10\/4D41740-scaled.jpg?fit=768%2C768&amp;ssl=1\" class=\"attachment-medium_large size-medium_large wp-image-2112\" alt=\"\" srcset=\"https:\/\/i0.wp.com\/www.nanohealthcare.lu\/fr\/wp-content\/uploads\/2020\/10\/4D41740-scaled.jpg?w=2560&amp;ssl=1 2560w, https:\/\/i0.wp.com\/www.nanohealthcare.lu\/fr\/wp-content\/uploads\/2020\/10\/4D41740-scaled.jpg?resize=300%2C300&amp;ssl=1 300w, https:\/\/i0.wp.com\/www.nanohealthcare.lu\/fr\/wp-content\/uploads\/2020\/10\/4D41740-scaled.jpg?resize=1024%2C1024&amp;ssl=1 1024w, https:\/\/i0.wp.com\/www.nanohealthcare.lu\/fr\/wp-content\/uploads\/2020\/10\/4D41740-scaled.jpg?resize=150%2C150&amp;ssl=1 150w, https:\/\/i0.wp.com\/www.nanohealthcare.lu\/fr\/wp-content\/uploads\/2020\/10\/4D41740-scaled.jpg?resize=768%2C768&amp;ssl=1 768w, https:\/\/i0.wp.com\/www.nanohealthcare.lu\/fr\/wp-content\/uploads\/2020\/10\/4D41740-scaled.jpg?resize=1536%2C1536&amp;ssl=1 1536w, https:\/\/i0.wp.com\/www.nanohealthcare.lu\/fr\/wp-content\/uploads\/2020\/10\/4D41740-scaled.jpg?resize=2048%2C2048&amp;ssl=1 2048w, https:\/\/i0.wp.com\/www.nanohealthcare.lu\/fr\/wp-content\/uploads\/2020\/10\/4D41740-scaled.jpg?w=1600&amp;ssl=1 1600w, https:\/\/i0.wp.com\/www.nanohealthcare.lu\/fr\/wp-content\/uploads\/2020\/10\/4D41740-scaled.jpg?w=2400&amp;ssl=1 2400w\" sizes=\"(max-width: 768px) 100vw, 768px\" \/><\/div><\/a>\n\t\t\t\t<div class=\"elementor-post__text\">\n\t\t\t\t<h3 class=\"elementor-post__title\">\n\t\t\t<a href=\"https:\/\/www.nanohealthcare.lu\/fr\/balans-en-voeding-venlo\/\" >\n\t\t\t\tBalans en Voeding Venlo\t\t\t<\/a>\n\t\t<\/h3>\n\t\t\t\t<div class=\"elementor-post__excerpt\">\n\t\t\t<p>Balans\u00a0en\u00a0Voeding\u00a0Venlo Rob Visscher est mari\u00e9 et p\u00e8re de 2 enfants.\u00a0Rob faisait beaucoup de sports de force.\u00a0Malheureusement, il a de plus en plus de blessures qui<\/p>\n\t\t<\/div>\n\t\t\n\t\t<a class=\"elementor-post__read-more\" href=\"https:\/\/www.nanohealthcare.lu\/fr\/balans-en-voeding-venlo\/\" aria-label=\"Read more about Balans en Voeding Venlo\" tabindex=\"-1\" >\n\t\t\tLIRE LA SUITE \u00bb\t\t<\/a>\n\n\t\t\t\t<\/div>\n\t\t\t\t\t<\/div>\n\t\t<\/article>\n\t\t\t\t<article class=\"elementor-post elementor-grid-item post-1102 post type-post status-publish format-standard has-post-thumbnail hentry category-clients\">\n\t\t\t<div class=\"elementor-post__card\">\n\t\t\t\t<a class=\"elementor-post__thumbnail__link\" href=\"https:\/\/www.nanohealthcare.lu\/fr\/linda-gruber-nano-physiotherapy-in-kapelle\/\" tabindex=\"-1\" ><div class=\"elementor-post__thumbnail\"><img loading=\"lazy\" decoding=\"async\" width=\"768\" height=\"450\" src=\"https:\/\/i0.wp.com\/www.nanohealthcare.lu\/fr\/wp-content\/uploads\/2020\/10\/Interview-Linda-Gruber-van-Nano-Fysiotherapie-NanoTech-Therapy-Body-Plaza-Europe-Partner-YouTube.png?fit=768%2C450&amp;ssl=1\" class=\"attachment-medium_large size-medium_large wp-image-1106\" alt=\"\" srcset=\"https:\/\/i0.wp.com\/www.nanohealthcare.lu\/fr\/wp-content\/uploads\/2020\/10\/Interview-Linda-Gruber-van-Nano-Fysiotherapie-NanoTech-Therapy-Body-Plaza-Europe-Partner-YouTube.png?w=1135&amp;ssl=1 1135w, https:\/\/i0.wp.com\/www.nanohealthcare.lu\/fr\/wp-content\/uploads\/2020\/10\/Interview-Linda-Gruber-van-Nano-Fysiotherapie-NanoTech-Therapy-Body-Plaza-Europe-Partner-YouTube.png?resize=300%2C176&amp;ssl=1 300w, https:\/\/i0.wp.com\/www.nanohealthcare.lu\/fr\/wp-content\/uploads\/2020\/10\/Interview-Linda-Gruber-van-Nano-Fysiotherapie-NanoTech-Therapy-Body-Plaza-Europe-Partner-YouTube.png?resize=1024%2C600&amp;ssl=1 1024w, https:\/\/i0.wp.com\/www.nanohealthcare.lu\/fr\/wp-content\/uploads\/2020\/10\/Interview-Linda-Gruber-van-Nano-Fysiotherapie-NanoTech-Therapy-Body-Plaza-Europe-Partner-YouTube.png?resize=768%2C450&amp;ssl=1 768w\" sizes=\"(max-width: 768px) 100vw, 768px\" \/><\/div><\/a>\n\t\t\t\t<div class=\"elementor-post__text\">\n\t\t\t\t<h3 class=\"elementor-post__title\">\n\t\t\t<a href=\"https:\/\/www.nanohealthcare.lu\/fr\/linda-gruber-nano-physiotherapy-in-kapelle\/\" >\n\t\t\t\tLinda Gruber \u2013 Nano Physiotherapy in Kapelle\t\t\t<\/a>\n\t\t<\/h3>\n\t\t\t\t<div class=\"elementor-post__excerpt\">\n\t\t\t<p>Linda Gruber est une physioth\u00e9rapeute avec 13 ans d&#8217;exp\u00e9rience. Avec pas mal d&#8217;ann\u00e9es \u00e0 son actif, elle occupe le poste de physioth\u00e9rapeute TPI \/ coach<\/p>\n\t\t<\/div>\n\t\t\n\t\t<a class=\"elementor-post__read-more\" href=\"https:\/\/www.nanohealthcare.lu\/fr\/linda-gruber-nano-physiotherapy-in-kapelle\/\" aria-label=\"Read more about Linda Gruber \u2013 Nano Physiotherapy in Kapelle\" tabindex=\"-1\" >\n\t\t\tLIRE LA SUITE \u00bb\t\t<\/a>\n\n\t\t\t\t<\/div>\n\t\t\t\t\t<\/div>\n\t\t<\/article>\n\t\t\t\t<article class=\"elementor-post elementor-grid-item post-1 post type-post status-publish format-standard has-post-thumbnail hentry category-clients\">\n\t\t\t<div class=\"elementor-post__card\">\n\t\t\t\t<a class=\"elementor-post__thumbnail__link\" href=\"https:\/\/www.nanohealthcare.lu\/fr\/interview-esther-maas-essys\/\" tabindex=\"-1\" ><div class=\"elementor-post__thumbnail\"><img loading=\"lazy\" decoding=\"async\" width=\"768\" height=\"563\" src=\"https:\/\/i0.wp.com\/www.nanohealthcare.lu\/fr\/wp-content\/uploads\/2020\/07\/Interview-Esther-van-Essys-Schoonheid-NanoTech-Therapy-Body-Plaza-Europe-Partner-YouTube.png?fit=768%2C563&amp;ssl=1\" class=\"attachment-medium_large size-medium_large wp-image-849\" alt=\"\" srcset=\"https:\/\/i0.wp.com\/www.nanohealthcare.lu\/fr\/wp-content\/uploads\/2020\/07\/Interview-Esther-van-Essys-Schoonheid-NanoTech-Therapy-Body-Plaza-Europe-Partner-YouTube.png?w=886&amp;ssl=1 886w, https:\/\/i0.wp.com\/www.nanohealthcare.lu\/fr\/wp-content\/uploads\/2020\/07\/Interview-Esther-van-Essys-Schoonheid-NanoTech-Therapy-Body-Plaza-Europe-Partner-YouTube.png?resize=300%2C220&amp;ssl=1 300w, https:\/\/i0.wp.com\/www.nanohealthcare.lu\/fr\/wp-content\/uploads\/2020\/07\/Interview-Esther-van-Essys-Schoonheid-NanoTech-Therapy-Body-Plaza-Europe-Partner-YouTube.png?resize=768%2C563&amp;ssl=1 768w\" sizes=\"(max-width: 768px) 100vw, 768px\" \/><\/div><\/a>\n\t\t\t\t<div class=\"elementor-post__text\">\n\t\t\t\t<h3 class=\"elementor-post__title\">\n\t\t\t<a href=\"https:\/\/www.nanohealthcare.lu\/fr\/interview-esther-maas-essys\/\" >\n\t\t\t\tInterview Esther Maas\t\t\t<\/a>\n\t\t<\/h3>\n\t\t\t\t<div class=\"elementor-post__excerpt\">\n\t\t\t<p>Bonjour, je suis Esther Maas, propri\u00e9taire d&#8217;Essy&#8217;s beauty. Je suis une distributrice de produits de beaut\u00e9 et aussi un centre de formation pour les esth\u00e9ticiennes.<\/p>\n\t\t<\/div>\n\t\t\n\t\t<a class=\"elementor-post__read-more\" href=\"https:\/\/www.nanohealthcare.lu\/fr\/interview-esther-maas-essys\/\" aria-label=\"Read more about Interview Esther Maas\" tabindex=\"-1\" >\n\t\t\tLIRE LA SUITE \u00bb\t\t<\/a>\n\n\t\t\t\t<\/div>\n\t\t\t\t\t<\/div>\n\t\t<\/article>\n\t\t\t\t<\/div>\n\t\t\n\t\t\t\t\t\t<\/div>\n\t\t\t\t<\/div>\n\t\t\t\t\t<\/div>\n\t\t<\/div>\n\t\t\t\t\t<\/div>\n\t\t<\/section>\n\t\t\t\t\t<\/div>\n\t\t<\/div>\n\t\t\t\t\t<\/div>\n\t\t<\/section>\n\t\t\t\t<\/div>\n\t\t","protected":false},"excerpt":{"rendered":"<p>NOS CLIENTS Quelques entretiens avec nos clients.<\/p>\n","protected":false},"author":1,"featured_media":0,"parent":243,"menu_order":0,"comment_status":"closed","ping_status":"closed","template":"elementor_header_footer","meta":{"footnotes":""},"class_list":["post-265","page","type-page","status-publish","hentry"],"jetpack_sharing_enabled":true,"_links":{"self":[{"href":"https:\/\/www.nanohealthcare.lu\/fr\/wp-json\/wp\/v2\/pages\/265"}],"collection":[{"href":"https:\/\/www.nanohealthcare.lu\/fr\/wp-json\/wp\/v2\/pages"}],"about":[{"href":"https:\/\/www.nanohealthcare.lu\/fr\/wp-json\/wp\/v2\/types\/page"}],"author":[{"embeddable":true,"href":"https:\/\/www.nanohealthcare.lu\/fr\/wp-json\/wp\/v2\/users\/1"}],"replies":[{"embeddable":true,"href":"https:\/\/www.nanohealthcare.lu\/fr\/wp-json\/wp\/v2\/comments?post=265"}],"version-history":[{"count":20,"href":"https:\/\/www.nanohealthcare.lu\/fr\/wp-json\/wp\/v2\/pages\/265\/revisions"}],"predecessor-version":[{"id":2096,"href":"https:\/\/www.nanohealthcare.lu\/fr\/wp-json\/wp\/v2\/pages\/265\/revisions\/2096"}],"up":[{"embeddable":true,"href":"https:\/\/www.nanohealthcare.lu\/fr\/wp-json\/wp\/v2\/pages\/243"}],"wp:attachment":[{"href":"https:\/\/www.nanohealthcare.lu\/fr\/wp-json\/wp\/v2\/media?parent=265"}],"curies":[{"name":"wp","href":"https:\/\/api.w.org\/{rel}","templated":true}]}}