{"id":37,"date":"2020-07-15T10:36:07","date_gmt":"2020-07-15T10:36:07","guid":{"rendered":"https:\/\/www.nanohealthcare.lu\/fr\/?page_id=37"},"modified":"2023-08-29T13:37:42","modified_gmt":"2023-08-29T11:37:42","slug":"nano-cellcare","status":"publish","type":"page","link":"https:\/\/www.nanohealthcare.lu\/fr\/nano-cellcare\/","title":{"rendered":"Nano CellCare"},"content":{"rendered":"\t\t<div data-elementor-type=\"wp-page\" data-elementor-id=\"37\" class=\"elementor elementor-37\" data-elementor-post-type=\"page\">\n\t\t\t\t\t\t<section class=\"elementor-section elementor-top-section elementor-element elementor-element-42312123 elementor-section-boxed elementor-section-height-default elementor-section-height-default\" data-id=\"42312123\" data-element_type=\"section\" data-e-type=\"section\" data-settings=\"{&quot;background_background&quot;:&quot;classic&quot;}\">\n\t\t\t\t\t\t<div class=\"elementor-container elementor-column-gap-default\">\n\t\t\t\t\t<div class=\"elementor-column elementor-col-100 elementor-top-column elementor-element elementor-element-532ff2d3\" data-id=\"532ff2d3\" data-element_type=\"column\" data-e-type=\"column\">\n\t\t\t<div class=\"elementor-widget-wrap elementor-element-populated\">\n\t\t\t\t\t\t<div class=\"elementor-element elementor-element-0dcb2b5 elementor-widget elementor-widget-heading\" data-id=\"0dcb2b5\" data-element_type=\"widget\" data-e-type=\"widget\" data-widget_type=\"heading.default\">\n\t\t\t\t<div class=\"elementor-widget-container\">\n\t\t\t\t\t<h2 class=\"elementor-heading-title elementor-size-xxl\">NANO CELLCARE<\/h2>\t\t\t\t<\/div>\n\t\t\t\t<\/div>\n\t\t\t\t<div class=\"elementor-element elementor-element-c06be99 elementor-widget-divider--view-line elementor-widget elementor-widget-divider\" data-id=\"c06be99\" data-element_type=\"widget\" data-e-type=\"widget\" data-widget_type=\"divider.default\">\n\t\t\t\t<div class=\"elementor-widget-container\">\n\t\t\t\t\t\t\t<div class=\"elementor-divider\">\n\t\t\t<span class=\"elementor-divider-separator\">\n\t\t\t\t\t\t<\/span>\n\t\t<\/div>\n\t\t\t\t\t\t<\/div>\n\t\t\t\t<\/div>\n\t\t\t\t<section class=\"elementor-section elementor-inner-section elementor-element elementor-element-ba4dc13 elementor-section-content-middle elementor-section-boxed elementor-section-height-default elementor-section-height-default\" data-id=\"ba4dc13\" data-element_type=\"section\" data-e-type=\"section\">\n\t\t\t\t\t\t<div class=\"elementor-container elementor-column-gap-no\">\n\t\t\t\t\t<div class=\"elementor-column elementor-col-50 elementor-inner-column elementor-element elementor-element-3113813\" data-id=\"3113813\" data-element_type=\"column\" data-e-type=\"column\" data-settings=\"{&quot;background_background&quot;:&quot;classic&quot;}\">\n\t\t\t<div class=\"elementor-widget-wrap elementor-element-populated\">\n\t\t\t\t\t\t<div class=\"elementor-element elementor-element-69795f3 elementor-widget elementor-widget-text-editor\" data-id=\"69795f3\" data-element_type=\"widget\" data-e-type=\"widget\" data-widget_type=\"text-editor.default\">\n\t\t\t\t<div class=\"elementor-widget-container\">\n\t\t\t\t\t\t\t\t\t<p><span style=\"font-weight: var( --e-global-typography-text-font-weight ); letter-spacing: var( --e-global-typography-text-letter-spacing );\">Nano Healthcare est le premier \u00e0 offrir la possibilit\u00e9 de &#8216;ralentir&#8217;\u00a0 l&#8217;horloge du vieillissement, et de rendre vos tissus cutan\u00e9s et vos muscles et tendons sous-jacents plus jeunes et plus sains gr\u00e2ce \u00e0 la nanorisation d&#8217;ingr\u00e9dients naturels.<\/span><\/p><p><span style=\"font-weight: var( --e-global-typography-text-font-weight ); letter-spacing: var( --e-global-typography-text-letter-spacing );\">La plupart des clients se sentent et paraissent des ann\u00e9es plus jeunes apr\u00e8s une seule cure.<br \/><br \/><\/span>L&#8217;\u00e9quipement Nano CellCare permet de travailler au niveau cellulaire avec une vari\u00e9t\u00e9 de nutriments actifs, laissant toutes les techniques, cr\u00e8mes et s\u00e9rums existants loin derri\u00e8re.<\/p>\t\t\t\t\t\t\t\t<\/div>\n\t\t\t\t<\/div>\n\t\t\t\t<div class=\"elementor-element elementor-element-b167291 elementor-widget elementor-widget-text-editor\" data-id=\"b167291\" data-element_type=\"widget\" data-e-type=\"widget\" data-widget_type=\"text-editor.default\">\n\t\t\t\t<div class=\"elementor-widget-container\">\n\t\t\t\t\t\t\t\t\t<p>En r\u00e9duisant les ingr\u00e9dients en nanoparticules de 20 \u00e0 600 nm (nanom\u00e8tre), ils peuvent \u00eatre transport\u00e9s facilement profond\u00e9ment dans les couches de la peau par votre propre corps, agissant comme une &#8216;\u00e9ponge&#8217;, et ils sont accept\u00e9s par les cellules comme de la mati\u00e8re organique.<\/p><p><span style=\"text-decoration: underline;\"><strong>En offrant les min\u00e9raux importants et la nutrition au niveau cellulaire, le corps ne les rejettera pas. Tout ce qui d\u00e9passe 600 nm, le corps ne peut pas l\u2019accepter au niveau cellulaire.<\/strong><\/span><\/p><p>En comparaison, 1 millilitre d&#8217;acide hyaluronique nanoris\u00e9 pourrait r\u00e9guler 1 litre de fluide corporel. Veuillez noter qu&#8217;une personne moyenne \u00e0 45 litres de liquide corporel, donc 1 millilitre pourrait d\u00e9j\u00e0 avoir un impact \u00e9norme sur notre corps.<\/p><h3><span style=\"font-size: var( --e-global-typography-text-font-size ); letter-spacing: var( --e-global-typography-text-letter-spacing );\">Nano CellCare offre la seule technique au monde qui rend cela possible.<\/span><\/h3>\t\t\t\t\t\t\t\t<\/div>\n\t\t\t\t<\/div>\n\t\t\t\t\t<\/div>\n\t\t<\/div>\n\t\t\t\t<div class=\"elementor-column elementor-col-50 elementor-inner-column elementor-element elementor-element-6db5f7c\" data-id=\"6db5f7c\" data-element_type=\"column\" data-e-type=\"column\">\n\t\t\t<div class=\"elementor-widget-wrap elementor-element-populated\">\n\t\t\t\t\t\t<div class=\"elementor-element elementor-element-fdaf955 elementor-widget elementor-widget-image\" data-id=\"fdaf955\" data-element_type=\"widget\" data-e-type=\"widget\" data-widget_type=\"image.default\">\n\t\t\t\t<div class=\"elementor-widget-container\">\n\t\t\t\t\t\t\t\t\t\t\t\t\t\t\t\t<a href=\"https:\/\/i0.wp.com\/www.nanohealthcare.lu\/fr\/wp-content\/uploads\/2023\/04\/Nano-CellCare-zijkant-min.png?ssl=1\" data-elementor-open-lightbox=\"yes\" data-elementor-lightbox-title=\"Nano CellCare zijkant-min\" data-e-action-hash=\"#elementor-action%3Aaction%3Dlightbox%26settings%3DeyJpZCI6MjIzMiwidXJsIjoiaHR0cHM6XC9cL3d3dy5uYW5vaGVhbHRoY2FyZS5sdVwvZnJcL3dwLWNvbnRlbnRcL3VwbG9hZHNcLzIwMjNcLzA0XC9OYW5vLUNlbGxDYXJlLXppamthbnQtbWluLnBuZyJ9\">\n\t\t\t\t\t\t\t<img fetchpriority=\"high\" decoding=\"async\" width=\"800\" height=\"800\" src=\"https:\/\/i0.wp.com\/www.nanohealthcare.lu\/fr\/wp-content\/uploads\/2023\/04\/Nano-CellCare-zijkant-min.png?fit=800%2C800&amp;ssl=1\" class=\"attachment-large size-large wp-image-2232\" alt=\"\" srcset=\"https:\/\/i0.wp.com\/www.nanohealthcare.lu\/fr\/wp-content\/uploads\/2023\/04\/Nano-CellCare-zijkant-min.png?w=3543&amp;ssl=1 3543w, https:\/\/i0.wp.com\/www.nanohealthcare.lu\/fr\/wp-content\/uploads\/2023\/04\/Nano-CellCare-zijkant-min.png?resize=300%2C300&amp;ssl=1 300w, https:\/\/i0.wp.com\/www.nanohealthcare.lu\/fr\/wp-content\/uploads\/2023\/04\/Nano-CellCare-zijkant-min.png?resize=1024%2C1024&amp;ssl=1 1024w, https:\/\/i0.wp.com\/www.nanohealthcare.lu\/fr\/wp-content\/uploads\/2023\/04\/Nano-CellCare-zijkant-min.png?resize=150%2C150&amp;ssl=1 150w, https:\/\/i0.wp.com\/www.nanohealthcare.lu\/fr\/wp-content\/uploads\/2023\/04\/Nano-CellCare-zijkant-min.png?resize=768%2C768&amp;ssl=1 768w, https:\/\/i0.wp.com\/www.nanohealthcare.lu\/fr\/wp-content\/uploads\/2023\/04\/Nano-CellCare-zijkant-min.png?resize=1536%2C1536&amp;ssl=1 1536w, https:\/\/i0.wp.com\/www.nanohealthcare.lu\/fr\/wp-content\/uploads\/2023\/04\/Nano-CellCare-zijkant-min.png?resize=2048%2C2048&amp;ssl=1 2048w, https:\/\/i0.wp.com\/www.nanohealthcare.lu\/fr\/wp-content\/uploads\/2023\/04\/Nano-CellCare-zijkant-min.png?w=1600&amp;ssl=1 1600w, https:\/\/i0.wp.com\/www.nanohealthcare.lu\/fr\/wp-content\/uploads\/2023\/04\/Nano-CellCare-zijkant-min.png?w=2400&amp;ssl=1 2400w\" sizes=\"(max-width: 800px) 100vw, 800px\" \/>\t\t\t\t\t\t\t\t<\/a>\n\t\t\t\t\t\t\t\t\t\t\t\t\t\t\t<\/div>\n\t\t\t\t<\/div>\n\t\t\t\t\t<\/div>\n\t\t<\/div>\n\t\t\t\t\t<\/div>\n\t\t<\/section>\n\t\t\t\t<section class=\"elementor-section elementor-inner-section elementor-element elementor-element-33c3e9f elementor-section-content-middle elementor-section-boxed elementor-section-height-default elementor-section-height-default\" data-id=\"33c3e9f\" data-element_type=\"section\" data-e-type=\"section\">\n\t\t\t\t\t\t<div class=\"elementor-container elementor-column-gap-no\">\n\t\t\t\t\t<div class=\"elementor-column elementor-col-50 elementor-inner-column elementor-element elementor-element-0a66061\" data-id=\"0a66061\" data-element_type=\"column\" data-e-type=\"column\" data-settings=\"{&quot;background_background&quot;:&quot;classic&quot;}\">\n\t\t\t<div class=\"elementor-widget-wrap elementor-element-populated\">\n\t\t\t\t\t\t<div class=\"elementor-element elementor-element-017d2db elementor-widget elementor-widget-text-editor\" data-id=\"017d2db\" data-element_type=\"widget\" data-e-type=\"widget\" data-widget_type=\"text-editor.default\">\n\t\t\t\t<div class=\"elementor-widget-container\">\n\t\t\t\t\t\t\t\t\tJusqu&#8217;au niveau musculaire, vos cellules peuvent \u00eatre nourries avec des sels <span style=\"color: #3fb0e1;\">min\u00e9raux de la Mer Morte<\/span>, de la <span style=\"color: #3fb0e1;\">vitamine C<\/span> et de l&#8217;acide hyaluronique qui sont tr\u00e8s importants pour nos cellules et la qualit\u00e9 de nos tissus.\t\t\t\t\t\t\t\t<\/div>\n\t\t\t\t<\/div>\n\t\t\t\t\t<\/div>\n\t\t<\/div>\n\t\t\t\t<div class=\"elementor-column elementor-col-50 elementor-inner-column elementor-element elementor-element-7f41c2a\" data-id=\"7f41c2a\" data-element_type=\"column\" data-e-type=\"column\" data-settings=\"{&quot;background_background&quot;:&quot;classic&quot;}\">\n\t\t\t<div class=\"elementor-widget-wrap elementor-element-populated\">\n\t\t\t\t\t\t<div class=\"elementor-element elementor-element-69e328b elementor-widget elementor-widget-text-editor\" data-id=\"69e328b\" data-element_type=\"widget\" data-e-type=\"widget\" data-widget_type=\"text-editor.default\">\n\t\t\t\t<div class=\"elementor-widget-container\">\n\t\t\t\t\t\t\t\t\t<p>En cons\u00e9quence, votre manque d&#8217;acide hyaluronique ; en raison d&#8217;un ralentissement de la production ; peut \u00eatre facilement reconstitu\u00e9 aux niveaux ant\u00e9rieurs, permettant \u00e0 vos cellules de se renouveler plus facilement. Cela met l&#8217;int\u00e9grit\u00e9 de vos cellules et l&#8217;ensemble de votre syst\u00e8me immunitaire \u00e0 un niveau plus sain, pr\u00e9venant potentiellement de futurs probl\u00e8mes.<\/p>\t\t\t\t\t\t\t\t<\/div>\n\t\t\t\t<\/div>\n\t\t\t\t\t<\/div>\n\t\t<\/div>\n\t\t\t\t\t<\/div>\n\t\t<\/section>\n\t\t\t\t<section class=\"elementor-section elementor-inner-section elementor-element elementor-element-8e4f6b8 elementor-section-content-middle elementor-section-boxed elementor-section-height-default elementor-section-height-default\" data-id=\"8e4f6b8\" data-element_type=\"section\" data-e-type=\"section\">\n\t\t\t\t\t\t<div class=\"elementor-container elementor-column-gap-default\">\n\t\t\t\t\t<div class=\"elementor-column elementor-col-50 elementor-inner-column elementor-element elementor-element-5f308a5\" data-id=\"5f308a5\" data-element_type=\"column\" data-e-type=\"column\" data-settings=\"{&quot;background_background&quot;:&quot;classic&quot;}\">\n\t\t\t<div class=\"elementor-widget-wrap elementor-element-populated\">\n\t\t\t\t\t\t<div class=\"elementor-element elementor-element-0c2acc5 elementor-widget elementor-widget-text-editor\" data-id=\"0c2acc5\" data-element_type=\"widget\" data-e-type=\"widget\" data-widget_type=\"text-editor.default\">\n\t\t\t\t<div class=\"elementor-widget-container\">\n\t\t\t\t\t\t\t\t\t<p>En fonction de votre \u00e2ge, de vos g\u00e8nes et de vos pr\u00e9dispositions, un rajeunissement cutan\u00e9 jusqu&#8217;\u00e0\u00a0 8 \u00e0 12 ans peut \u00eatre obtenu en seulement 6 mois avec un traitement par semaine. Des traitements de suivi peuvent alors \u00eatre programm\u00e9s une fois par mois ou une fois tous les 2 mois pour maintenir le niveau atteint.<\/p><p>Le Nano CellCare peut \u00eatre utilis\u00e9 en soin local comme le rajeunissement cutan\u00e9 du visage, en cure de vitalit\u00e9 localis\u00e9e ou en cabine o\u00f9 tout le corps re\u00e7oit les nutriments en une seule fois.<br \/>En nourrissant votre peau avec les nutriments nanoris\u00e9s, divers probl\u00e8mes disparaissent souvent comme la pluie avant le soleil et cela revitalise toujours votre peau. Avec Nano CellCare, nous travaillons sur votre sant\u00e9 de l&#8217;int\u00e9rieur vers l&#8217;ext\u00e9rieur.<\/p><p>N&#8217;h\u00e9sitez pas \u00e0 l&#8217;essayer vous-m\u00eame et \u00e0 r\u00e9server un traitement d&#8217;essai dans l&#8217;un de <a style=\"color: #fff; text-decoration: underline;\" href=\"https:\/\/www.nanohealthcare.lu\/fr\/salons\/\">nos centres de traitement Nano Healthcare<\/a>.<\/p><p><br \/>Nous serons plus tr\u00e8s heureux de vous informer sur toutes les possibilit\u00e9s.<\/p>\t\t\t\t\t\t\t\t<\/div>\n\t\t\t\t<\/div>\n\t\t\t\t\t<\/div>\n\t\t<\/div>\n\t\t\t\t<div class=\"elementor-column elementor-col-50 elementor-inner-column elementor-element elementor-element-7029cc1\" data-id=\"7029cc1\" data-element_type=\"column\" data-e-type=\"column\">\n\t\t\t<div class=\"elementor-widget-wrap elementor-element-populated\">\n\t\t\t\t\t\t<div class=\"elementor-element elementor-element-2dae6b0 elementor-widget elementor-widget-image\" data-id=\"2dae6b0\" data-element_type=\"widget\" data-e-type=\"widget\" data-widget_type=\"image.default\">\n\t\t\t\t<div class=\"elementor-widget-container\">\n\t\t\t\t\t\t\t\t\t\t\t\t\t\t\t<img decoding=\"async\" width=\"768\" height=\"529\" src=\"https:\/\/i0.wp.com\/www.nanohealthcare.lu\/fr\/wp-content\/uploads\/2020\/08\/IMG_5289-1.png?fit=768%2C529&amp;ssl=1\" class=\"attachment-medium_large size-medium_large wp-image-840\" alt=\"\" srcset=\"https:\/\/i0.wp.com\/www.nanohealthcare.lu\/fr\/wp-content\/uploads\/2020\/08\/IMG_5289-1.png?w=800&amp;ssl=1 800w, https:\/\/i0.wp.com\/www.nanohealthcare.lu\/fr\/wp-content\/uploads\/2020\/08\/IMG_5289-1.png?resize=300%2C207&amp;ssl=1 300w, https:\/\/i0.wp.com\/www.nanohealthcare.lu\/fr\/wp-content\/uploads\/2020\/08\/IMG_5289-1.png?resize=768%2C529&amp;ssl=1 768w\" sizes=\"(max-width: 768px) 100vw, 768px\" \/>\t\t\t\t\t\t\t\t\t\t\t\t\t\t\t<\/div>\n\t\t\t\t<\/div>\n\t\t\t\t\t<\/div>\n\t\t<\/div>\n\t\t\t\t\t<\/div>\n\t\t<\/section>\n\t\t\t\t\t<\/div>\n\t\t<\/div>\n\t\t\t\t\t<\/div>\n\t\t<\/section>\n\t\t\t\t<section class=\"elementor-section elementor-top-section elementor-element elementor-element-555bdb1 elementor-section-full_width elementor-section-height-default elementor-section-height-default\" data-id=\"555bdb1\" data-element_type=\"section\" data-e-type=\"section\">\n\t\t\t\t\t\t<div class=\"elementor-container elementor-column-gap-no\">\n\t\t\t\t\t<div class=\"elementor-column elementor-col-100 elementor-top-column elementor-element elementor-element-1ab02ea\" data-id=\"1ab02ea\" data-element_type=\"column\" data-e-type=\"column\">\n\t\t\t<div class=\"elementor-widget-wrap elementor-element-populated\">\n\t\t\t\t\t\t<div class=\"elementor-element elementor-element-5a45622 elementor-widget elementor-widget-shortcode\" data-id=\"5a45622\" data-element_type=\"widget\" data-e-type=\"widget\" data-widget_type=\"shortcode.default\">\n\t\t\t\t<div class=\"elementor-widget-container\">\n\t\t\t\t\t\t\t<div class=\"elementor-shortcode\">\t\t<div data-elementor-type=\"section\" data-elementor-id=\"1173\" class=\"elementor elementor-1173\" data-elementor-post-type=\"elementor_library\">\n\t\t\t\t\t<section class=\"elementor-section elementor-top-section elementor-element elementor-element-261ddbe9 elementor-section-boxed elementor-section-height-default elementor-section-height-default\" data-id=\"261ddbe9\" data-element_type=\"section\" data-e-type=\"section\" data-settings=\"{&quot;background_background&quot;:&quot;classic&quot;}\">\n\t\t\t\t\t\t<div class=\"elementor-container elementor-column-gap-default\">\n\t\t\t\t\t<div class=\"elementor-column elementor-col-100 elementor-top-column elementor-element elementor-element-13f5f1ad\" data-id=\"13f5f1ad\" data-element_type=\"column\" data-e-type=\"column\">\n\t\t\t<div class=\"elementor-widget-wrap elementor-element-populated\">\n\t\t\t\t\t\t<div class=\"elementor-element elementor-element-107c755a elementor-widget elementor-widget-heading\" data-id=\"107c755a\" data-element_type=\"widget\" data-e-type=\"widget\" data-widget_type=\"heading.default\">\n\t\t\t\t<div class=\"elementor-widget-container\">\n\t\t\t\t\t<h2 class=\"elementor-heading-title elementor-size-default\">DES INFORMATIONS?<br>\nContactez-nous s'il vous plait!<\/h2>\t\t\t\t<\/div>\n\t\t\t\t<\/div>\n\t\t\t\t<div class=\"elementor-element elementor-element-1570c1c5 elementor-widget-divider--view-line elementor-widget elementor-widget-divider\" data-id=\"1570c1c5\" data-element_type=\"widget\" data-e-type=\"widget\" data-widget_type=\"divider.default\">\n\t\t\t\t<div class=\"elementor-widget-container\">\n\t\t\t\t\t\t\t<div class=\"elementor-divider\">\n\t\t\t<span class=\"elementor-divider-separator\">\n\t\t\t\t\t\t<\/span>\n\t\t<\/div>\n\t\t\t\t\t\t<\/div>\n\t\t\t\t<\/div>\n\t\t\t\t<div class=\"elementor-element elementor-element-36a5d1b4 elementor-widget elementor-widget-text-editor\" data-id=\"36a5d1b4\" data-element_type=\"widget\" data-e-type=\"widget\" data-widget_type=\"text-editor.default\">\n\t\t\t\t<div class=\"elementor-widget-container\">\n\t\t\t\t\t\t\t\t\t\u00c9crivez-nous si vous souhaitez en savoir plus sur Nano HealthCare ou r\u00e9servez votre premier traitement Nano CellCare chez l&#8217;un de <a style=\"color: #777777; text-decoration: underline;\" href=\"https:\/\/www.nanohealthcare.lu\/fr\/treatment-locator\/\">nos Nano th\u00e9rapeutes<\/a>, veuillez remplir le formulaire de message ci-dessous.\t\t\t\t\t\t\t\t<\/div>\n\t\t\t\t<\/div>\n\t\t\t\t<div class=\"elementor-element elementor-element-745572a7 elementor-button-align-stretch elementor-widget elementor-widget-form\" data-id=\"745572a7\" data-element_type=\"widget\" data-e-type=\"widget\" data-settings=\"{&quot;button_width&quot;:&quot;40&quot;,&quot;step_next_label&quot;:&quot;Next&quot;,&quot;step_previous_label&quot;:&quot;Previous&quot;,&quot;step_type&quot;:&quot;number_text&quot;,&quot;step_icon_shape&quot;:&quot;circle&quot;}\" data-widget_type=\"form.default\">\n\t\t\t\t<div class=\"elementor-widget-container\">\n\t\t\t\t\t\t\t<form class=\"elementor-form\" method=\"post\" name=\"New Form\">\n\t\t\t<input type=\"hidden\" name=\"post_id\" value=\"1173\"\/>\n\t\t\t<input type=\"hidden\" name=\"form_id\" value=\"745572a7\"\/>\n\t\t\t<input type=\"hidden\" name=\"referer_title\" value=\"About Nano\" \/>\n\n\t\t\t\t\t\t\t<input type=\"hidden\" name=\"queried_id\" value=\"337\"\/>\n\t\t\t\n\t\t\t<div class=\"elementor-form-fields-wrapper elementor-labels-above\">\n\t\t\t\t\t\t\t\t<div class=\"elementor-field-type-text elementor-field-group elementor-column elementor-field-group-name elementor-col-50 elementor-field-required\">\n\t\t\t\t\t\t\t\t\t\t\t\t\t<input size=\"1\" type=\"text\" name=\"form_fields[name]\" id=\"form-field-name\" class=\"elementor-field elementor-size-sm  elementor-field-textual\" placeholder=\"Votre nom*\" required=\"required\" aria-required=\"true\">\n\t\t\t\t\t\t\t\t\t\t\t<\/div>\n\t\t\t\t\t\t\t\t<div class=\"elementor-field-type-email elementor-field-group elementor-column elementor-field-group-email elementor-col-50 elementor-field-required\">\n\t\t\t\t\t\t\t\t\t\t\t\t\t<input size=\"1\" type=\"email\" name=\"form_fields[email]\" id=\"form-field-email\" class=\"elementor-field elementor-size-sm  elementor-field-textual\" placeholder=\"Adresse e-mail*\" required=\"required\" aria-required=\"true\">\n\t\t\t\t\t\t\t\t\t\t\t<\/div>\n\t\t\t\t\t\t\t\t<div class=\"elementor-field-type-textarea elementor-field-group elementor-column elementor-field-group-message elementor-col-100 elementor-field-required\">\n\t\t\t\t\t<textarea class=\"elementor-field-textual elementor-field  elementor-size-sm\" name=\"form_fields[message]\" id=\"form-field-message\" rows=\"4\" placeholder=\"Un message\" required=\"required\" aria-required=\"true\"><\/textarea>\t\t\t\t<\/div>\n\t\t\t\t\t\t\t\t<div class=\"elementor-field-type-acceptance elementor-field-group elementor-column elementor-field-group-field_940b5bf elementor-col-100 elementor-field-required\">\n\t\t\t\t\t\t\t<div class=\"elementor-field-subgroup\">\n\t\t\t<span class=\"elementor-field-option\">\n\t\t\t\t<input type=\"checkbox\" name=\"form_fields[field_940b5bf]\" id=\"form-field-field_940b5bf\" class=\"elementor-field elementor-size-sm  elementor-acceptance-field\" required=\"required\" aria-required=\"true\">\n\t\t\t\t<label for=\"form-field-field_940b5bf\"><a href=\"https:\/\/www.nanohealthcare.lu\/fr\/privacy-cookie-policy\/\" target=\"_blank\" style=\"color:#333333; text-decoration:underline;\">Politique de confidentialit\u00e9*<\/a> En utilisant ce formulaire, vous acceptez le stockage et le traitement de vos donn\u00e9es par ce site Web.<\/label>\t\t\t<\/span>\n\t\t<\/div>\n\t\t\t\t\t\t<\/div>\n\t\t\t\t\t\t\t\t<div class=\"elementor-field-type-recaptcha_v3 elementor-field-group elementor-column elementor-field-group-field_8f7025f elementor-col-100 recaptcha_v3-bottomright\">\n\t\t\t\t\t<div class=\"elementor-field\" id=\"form-field-field_8f7025f\"><div class=\"elementor-g-recaptcha\" data-sitekey=\"6LdSuAwbAAAAAKyDFOdScsm4XXiyjjNf9ZIfq_Mb\" data-type=\"v3\" data-action=\"Form\" data-badge=\"bottomright\" data-size=\"invisible\"><\/div><\/div>\t\t\t\t<\/div>\n\t\t\t\t\t\t\t\t<div class=\"elementor-field-group elementor-column elementor-field-type-submit elementor-col-40 e-form__buttons\">\n\t\t\t\t\t<button class=\"elementor-button elementor-size-sm elementor-animation-bounce-in\" type=\"submit\">\n\t\t\t\t\t\t<span class=\"elementor-button-content-wrapper\">\n\t\t\t\t\t\t\t\t\t\t\t\t\t\t\t\t\t\t\t\t\t\t<span class=\"elementor-button-text\">ENVOYER<\/span>\n\t\t\t\t\t\t\t\t\t\t\t\t\t<\/span>\n\t\t\t\t\t<\/button>\n\t\t\t\t<\/div>\n\t\t\t<\/div>\n\t\t<\/form>\n\t\t\t\t\t\t<\/div>\n\t\t\t\t<\/div>\n\t\t\t\t\t<\/div>\n\t\t<\/div>\n\t\t\t\t\t<\/div>\n\t\t<\/section>\n\t\t\t\t<\/div>\n\t\t<\/div>\n\t\t\t\t\t\t<\/div>\n\t\t\t\t<\/div>\n\t\t\t\t\t<\/div>\n\t\t<\/div>\n\t\t\t\t\t<\/div>\n\t\t<\/section>\n\t\t\t\t<\/div>\n\t\t","protected":false},"excerpt":{"rendered":"<p>NANO CELLCARE Nano Healthcare est le premier \u00e0 offrir la possibilit\u00e9 de &#8216;ralentir&#8217;\u00a0 l&#8217;horloge du vieillissement, et de rendre vos tissus cutan\u00e9s et vos muscles et tendons sous-jacents plus jeunes et plus sains gr\u00e2ce \u00e0 la nanorisation d&#8217;ingr\u00e9dients naturels. La plupart des clients se sentent et paraissent des ann\u00e9es plus jeunes apr\u00e8s une seule cure. [&hellip;]<\/p>\n","protected":false},"author":1,"featured_media":0,"parent":0,"menu_order":0,"comment_status":"closed","ping_status":"closed","template":"","meta":{"footnotes":""},"class_list":["post-37","page","type-page","status-publish","hentry"],"jetpack_sharing_enabled":true,"_links":{"self":[{"href":"https:\/\/www.nanohealthcare.lu\/fr\/wp-json\/wp\/v2\/pages\/37"}],"collection":[{"href":"https:\/\/www.nanohealthcare.lu\/fr\/wp-json\/wp\/v2\/pages"}],"about":[{"href":"https:\/\/www.nanohealthcare.lu\/fr\/wp-json\/wp\/v2\/types\/page"}],"author":[{"embeddable":true,"href":"https:\/\/www.nanohealthcare.lu\/fr\/wp-json\/wp\/v2\/users\/1"}],"replies":[{"embeddable":true,"href":"https:\/\/www.nanohealthcare.lu\/fr\/wp-json\/wp\/v2\/comments?post=37"}],"version-history":[{"count":73,"href":"https:\/\/www.nanohealthcare.lu\/fr\/wp-json\/wp\/v2\/pages\/37\/revisions"}],"predecessor-version":[{"id":2240,"href":"https:\/\/www.nanohealthcare.lu\/fr\/wp-json\/wp\/v2\/pages\/37\/revisions\/2240"}],"wp:attachment":[{"href":"https:\/\/www.nanohealthcare.lu\/fr\/wp-json\/wp\/v2\/media?parent=37"}],"curies":[{"name":"wp","href":"https:\/\/api.w.org\/{rel}","templated":true}]}}